{"id":9044,"date":"2026-04-16T10:51:39","date_gmt":"2026-04-16T08:51:39","guid":{"rendered":"https:\/\/visobath.com\/compliance\/"},"modified":"2026-04-16T16:23:17","modified_gmt":"2026-04-16T14:23:17","slug":"conformita","status":"publish","type":"page","link":"https:\/\/visobath.com\/it\/conformita\/","title":{"rendered":"Conformit\u00e0 e etica aziendale"},"content":{"rendered":"<div>VISOBATH, S.L. opera nell\u2019ambito di un Sistema di Compliance Penale implementato ai sensi dell\u2019articolo 31 bis del Codice Penale spagnolo e allineato agli standard della norma UNE 19601. Questo sistema riflette il fermo impegno della nostra organizzazione nei confronti dell\u2019integrit\u00e0, della trasparenza e di una condotta etica in tutte le sue attivit\u00e0, sia in Spagna che nei pi\u00f9 di 55 Paesi in cui siamo presenti.<\/div>\n<div><\/div>\n<div>Il nostro modello di conformit\u00e0 normativa ha l\u2019obiettivo di identificare, prevenire e gestire i rischi penali derivanti dall\u2019attivit\u00e0 aziendale del Gruppo VISOBATH, promuovendo una cultura aziendale basata sul rispetto della legge e dei pi\u00f9 elevati standard etici del settore.<\/div>\n<div><\/div>\n<h2>IL SISTEMA DI COMPLIANCE DI VISOBATH COMPRENDE:<\/h2>\n<div>Codice di Condotta: stabilisce i principi e i valori che guidano il comportamento di tutti i professionisti del Gruppo, indipendentemente dalla loro posizione o ubicazione geografica.<\/div>\n<div><a class=\"btn btn-gray\" href=\"https:\/\/visobath.com\/documents\/it\/codice-di-condotta.pdf\" target=\"_blank\" rel=\"nofollow noopener\"><u>Scaricare il Codice di Condotta<\/u><\/a><\/div>\n","protected":false},"excerpt":{"rendered":"<p>VISOBATH, S.L. opera nell\u2019ambito di un Sistema di Compliance Penale implementato ai sensi dell\u2019articolo 31 bis del Codice Penale spagnolo e allineato agli standard della norma UNE 19601. Questo sistema riflette il fermo impegno della nostra organizzazione nei confronti dell\u2019integrit\u00e0, della trasparenza e di una condotta etica in tutte le sue attivit\u00e0, sia in Spagna [&hellip;]<\/p>\n","protected":false},"author":1,"featured_media":0,"parent":0,"menu_order":0,"comment_status":"closed","ping_status":"closed","template":"","meta":{"_acf_changed":false,"footnotes":""},"class_list":["post-9044","page","type-page","status-publish","hentry"],"acf":[],"yoast_head":"<!-- This site is optimized with the Yoast SEO plugin v27.4 - https:\/\/yoast.com\/product\/yoast-seo-wordpress\/ -->\n<title>Conformit\u00e0 e etica aziendale - Visobath<\/title>\n<meta name=\"robots\" content=\"noindex, nofollow\" \/>\n<meta property=\"og:locale\" content=\"it_IT\" \/>\n<meta property=\"og:type\" content=\"article\" \/>\n<meta property=\"og:title\" content=\"Conformit\u00e0 e etica aziendale - Visobath\" \/>\n<meta property=\"og:description\" content=\"VISOBATH, S.L. opera nell\u2019ambito di un Sistema di Compliance Penale implementato ai sensi dell\u2019articolo 31 bis del Codice Penale spagnolo e allineato agli standard della norma UNE 19601. Questo sistema riflette il fermo impegno della nostra organizzazione nei confronti dell\u2019integrit\u00e0, della trasparenza e di una condotta etica in tutte le sue attivit\u00e0, sia in Spagna [&hellip;]\" \/>\n<meta property=\"og:url\" content=\"https:\/\/visobath.com\/it\/conformita\/\" \/>\n<meta property=\"og:site_name\" content=\"Visobath\" \/>\n<meta property=\"article:publisher\" content=\"https:\/\/www.facebook.com\/MueblesVisobath\/\" \/>\n<meta property=\"article:modified_time\" content=\"2026-04-16T14:23:17+00:00\" \/>\n<meta property=\"og:image\" content=\"https:\/\/visobath.com\/wp-content\/uploads\/2026\/01\/logo-visobath.webp\" \/>\n\t<meta property=\"og:image:width\" content=\"1200\" \/>\n\t<meta property=\"og:image:height\" content=\"900\" \/>\n\t<meta property=\"og:image:type\" content=\"image\/webp\" \/>\n<meta name=\"twitter:label1\" content=\"Tempo di lettura stimato\" \/>\n\t<meta name=\"twitter:data1\" content=\"1 minuto\" \/>\n<script type=\"application\/ld+json\" class=\"yoast-schema-graph\">{\"@context\":\"https:\\\/\\\/schema.org\",\"@graph\":[{\"@type\":\"WebPage\",\"@id\":\"https:\\\/\\\/visobath.com\\\/it\\\/conformita\\\/\",\"url\":\"https:\\\/\\\/visobath.com\\\/it\\\/conformita\\\/\",\"name\":\"Conformit\u00e0 e etica aziendale - Visobath\",\"isPartOf\":{\"@id\":\"https:\\\/\\\/visobath.com\\\/it\\\/#website\"},\"datePublished\":\"2026-04-16T08:51:39+00:00\",\"dateModified\":\"2026-04-16T14:23:17+00:00\",\"breadcrumb\":{\"@id\":\"https:\\\/\\\/visobath.com\\\/it\\\/conformita\\\/#breadcrumb\"},\"inLanguage\":\"it-IT\",\"potentialAction\":[{\"@type\":\"ReadAction\",\"target\":[\"https:\\\/\\\/visobath.com\\\/it\\\/conformita\\\/\"]}]},{\"@type\":\"BreadcrumbList\",\"@id\":\"https:\\\/\\\/visobath.com\\\/it\\\/conformita\\\/#breadcrumb\",\"itemListElement\":[{\"@type\":\"ListItem\",\"position\":1,\"name\":\"Portada\",\"item\":\"https:\\\/\\\/visobath.com\\\/it\\\/\"},{\"@type\":\"ListItem\",\"position\":2,\"name\":\"Conformit\u00e0 e etica aziendale\"}]},{\"@type\":\"WebSite\",\"@id\":\"https:\\\/\\\/visobath.com\\\/it\\\/#website\",\"url\":\"https:\\\/\\\/visobath.com\\\/it\\\/\",\"name\":\"VISO\",\"description\":\"Fabricantes de Muebles de Ba\u00f1o\",\"publisher\":{\"@id\":\"https:\\\/\\\/visobath.com\\\/it\\\/#organization\"},\"alternateName\":\"Visobath\",\"potentialAction\":[{\"@type\":\"SearchAction\",\"target\":{\"@type\":\"EntryPoint\",\"urlTemplate\":\"https:\\\/\\\/visobath.com\\\/it\\\/?s={search_term_string}\"},\"query-input\":{\"@type\":\"PropertyValueSpecification\",\"valueRequired\":true,\"valueName\":\"search_term_string\"}}],\"inLanguage\":\"it-IT\"},{\"@type\":\"Organization\",\"@id\":\"https:\\\/\\\/visobath.com\\\/it\\\/#organization\",\"name\":\"Visobath\",\"alternateName\":\"VISO\",\"url\":\"https:\\\/\\\/visobath.com\\\/it\\\/\",\"logo\":{\"@type\":\"ImageObject\",\"inLanguage\":\"it-IT\",\"@id\":\"https:\\\/\\\/visobath.com\\\/it\\\/#\\\/schema\\\/logo\\\/image\\\/\",\"url\":\"https:\\\/\\\/visobath.com\\\/wp-content\\\/uploads\\\/2026\\\/01\\\/logo-visobath.webp\",\"contentUrl\":\"https:\\\/\\\/visobath.com\\\/wp-content\\\/uploads\\\/2026\\\/01\\\/logo-visobath.webp\",\"width\":1200,\"height\":900,\"caption\":\"Visobath\"},\"image\":{\"@id\":\"https:\\\/\\\/visobath.com\\\/it\\\/#\\\/schema\\\/logo\\\/image\\\/\"},\"sameAs\":[\"https:\\\/\\\/www.facebook.com\\\/MueblesVisobath\\\/\",\"https:\\\/\\\/www.instagram.com\\\/visobath\\\/\",\"https:\\\/\\\/www.youtube.com\\\/channel\\\/UC5z9EZiakQVmel8gWMbPrTQ\\\/videos\",\"https:\\\/\\\/es.linkedin.com\\\/company\\\/visobath-s-l\"]}]}<\/script>\n<!-- \/ Yoast SEO plugin. -->","yoast_head_json":{"title":"Conformit\u00e0 e etica aziendale - Visobath","robots":{"index":"noindex","follow":"nofollow"},"og_locale":"it_IT","og_type":"article","og_title":"Conformit\u00e0 e etica aziendale - Visobath","og_description":"VISOBATH, S.L. opera nell\u2019ambito di un Sistema di Compliance Penale implementato ai sensi dell\u2019articolo 31 bis del Codice Penale spagnolo e allineato agli standard della norma UNE 19601. Questo sistema riflette il fermo impegno della nostra organizzazione nei confronti dell\u2019integrit\u00e0, della trasparenza e di una condotta etica in tutte le sue attivit\u00e0, sia in Spagna [&hellip;]","og_url":"https:\/\/visobath.com\/it\/conformita\/","og_site_name":"Visobath","article_publisher":"https:\/\/www.facebook.com\/MueblesVisobath\/","article_modified_time":"2026-04-16T14:23:17+00:00","og_image":[{"width":1200,"height":900,"url":"https:\/\/visobath.com\/wp-content\/uploads\/2026\/01\/logo-visobath.webp","type":"image\/webp"}],"twitter_misc":{"Tempo di lettura stimato":"1 minuto"},"schema":{"@context":"https:\/\/schema.org","@graph":[{"@type":"WebPage","@id":"https:\/\/visobath.com\/it\/conformita\/","url":"https:\/\/visobath.com\/it\/conformita\/","name":"Conformit\u00e0 e etica aziendale - Visobath","isPartOf":{"@id":"https:\/\/visobath.com\/it\/#website"},"datePublished":"2026-04-16T08:51:39+00:00","dateModified":"2026-04-16T14:23:17+00:00","breadcrumb":{"@id":"https:\/\/visobath.com\/it\/conformita\/#breadcrumb"},"inLanguage":"it-IT","potentialAction":[{"@type":"ReadAction","target":["https:\/\/visobath.com\/it\/conformita\/"]}]},{"@type":"BreadcrumbList","@id":"https:\/\/visobath.com\/it\/conformita\/#breadcrumb","itemListElement":[{"@type":"ListItem","position":1,"name":"Portada","item":"https:\/\/visobath.com\/it\/"},{"@type":"ListItem","position":2,"name":"Conformit\u00e0 e etica aziendale"}]},{"@type":"WebSite","@id":"https:\/\/visobath.com\/it\/#website","url":"https:\/\/visobath.com\/it\/","name":"VISO","description":"Fabricantes de Muebles de Ba\u00f1o","publisher":{"@id":"https:\/\/visobath.com\/it\/#organization"},"alternateName":"Visobath","potentialAction":[{"@type":"SearchAction","target":{"@type":"EntryPoint","urlTemplate":"https:\/\/visobath.com\/it\/?s={search_term_string}"},"query-input":{"@type":"PropertyValueSpecification","valueRequired":true,"valueName":"search_term_string"}}],"inLanguage":"it-IT"},{"@type":"Organization","@id":"https:\/\/visobath.com\/it\/#organization","name":"Visobath","alternateName":"VISO","url":"https:\/\/visobath.com\/it\/","logo":{"@type":"ImageObject","inLanguage":"it-IT","@id":"https:\/\/visobath.com\/it\/#\/schema\/logo\/image\/","url":"https:\/\/visobath.com\/wp-content\/uploads\/2026\/01\/logo-visobath.webp","contentUrl":"https:\/\/visobath.com\/wp-content\/uploads\/2026\/01\/logo-visobath.webp","width":1200,"height":900,"caption":"Visobath"},"image":{"@id":"https:\/\/visobath.com\/it\/#\/schema\/logo\/image\/"},"sameAs":["https:\/\/www.facebook.com\/MueblesVisobath\/","https:\/\/www.instagram.com\/visobath\/","https:\/\/www.youtube.com\/channel\/UC5z9EZiakQVmel8gWMbPrTQ\/videos","https:\/\/es.linkedin.com\/company\/visobath-s-l"]}]}},"_links":{"self":[{"href":"https:\/\/visobath.com\/it\/wp-json\/wp\/v2\/pages\/9044","targetHints":{"allow":["GET"]}}],"collection":[{"href":"https:\/\/visobath.com\/it\/wp-json\/wp\/v2\/pages"}],"about":[{"href":"https:\/\/visobath.com\/it\/wp-json\/wp\/v2\/types\/page"}],"author":[{"embeddable":true,"href":"https:\/\/visobath.com\/it\/wp-json\/wp\/v2\/users\/1"}],"replies":[{"embeddable":true,"href":"https:\/\/visobath.com\/it\/wp-json\/wp\/v2\/comments?post=9044"}],"version-history":[{"count":3,"href":"https:\/\/visobath.com\/it\/wp-json\/wp\/v2\/pages\/9044\/revisions"}],"predecessor-version":[{"id":9054,"href":"https:\/\/visobath.com\/it\/wp-json\/wp\/v2\/pages\/9044\/revisions\/9054"}],"wp:attachment":[{"href":"https:\/\/visobath.com\/it\/wp-json\/wp\/v2\/media?parent=9044"}],"curies":[{"name":"wp","href":"https:\/\/api.w.org\/{rel}","templated":true}]}}