{"id":2172,"date":"2025-12-17T17:02:32","date_gmt":"2025-12-17T16:02:32","guid":{"rendered":"https:\/\/new.visobath.com\/politica-sui-cookie\/"},"modified":"2025-12-17T17:02:32","modified_gmt":"2025-12-17T16:02:32","slug":"politica-sui-cookie","status":"publish","type":"page","link":"https:\/\/visobath.com\/it\/politica-sui-cookie\/","title":{"rendered":"Politica sui cookie"},"content":{"rendered":"<p>In conformit\u00e0 con la Legge 34\/2002, dell&#8217;11 luglio, sui servizi della societ\u00e0 dell&#8217;informazione e del commercio elettronico (LSSI),<br \/>\nin relazione al Regolamento (UE) 2016\/679 del Parlamento Europeo e del Consiglio, del 27 aprile 2016, Regolamento generale sulla protezione dei dati (GDPR)<br \/>\ne alla Legge organica 3\/2018, del 5 dicembre, sulla protezione dei dati personali e la garanzia dei diritti digitali (LOPDGDD),<br \/>\n\u00e8 obbligatorio ottenere il consenso esplicito dell&#8217;utente di tutte le pagine web che utilizzano cookie non necessari,<br \/>\nprima che questi navighi al loro interno.<\/p>\n<h2>Cosa sono i cookie?<\/h2>\n<p>I <em>cookie<\/em> e altre tecnologie simili come local shared objects, flash <em>cookie<\/em> o pixel,<br \/>\nsono strumenti utilizzati dai server Web per memorizzare e recuperare informazioni sui propri visitatori,<br \/>\nnonch\u00e9 per offrire un corretto funzionamento del sito.<\/p>\n<p>Mediante l&#8217;uso di questi dispositivi, il server Web pu\u00f2 ricordare alcuni dati relativi all&#8217;utente,<br \/>\ncome le sue preferenze per la visualizzazione delle pagine di quel server, nome utente e password, prodotti di suo interesse, ecc.<\/p>\n<h2><em>Cookie<\/em> interessati dalla normativa e cookie esclusi<\/h2>\n<p>Secondo la direttiva UE, i <em>cookie<\/em> che richiedono il consenso informato da parte dell&#8217;utente sono i<br \/>\ni <em>cookie<\/em> di analisi e quelli pubblicitari e di affiliazione, ad eccezione di quelli tecnici e di quelli necessari<br \/>\nper il funzionamento del sito web o la fornitura di servizi espressamente richiesti dall&#8217;utente.<\/p>\n<h3>Tipi di cookie<\/h3>\n<h4>Secondo lo scopo<\/h4>\n<ul>\n<li><strong><em>Cookie<\/em> tecnici e funzionali<\/strong>: sono quelli che consentono all&#8217;utente di navigare attraverso una pagina web, una piattaforma o un&#8217;applicazione e di utilizzare le diverse opzioni o servizi in essa presenti.<\/li>\n<li><strong><em>Cookie<\/em> analitici<\/strong>: sono quelli che consentono al responsabile degli stessi di monitorare e analizzare il comportamento degli utenti dei siti web a cui sono collegati. Le informazioni raccolte vengono utilizzate per misurare l&#8217;attivit\u00e0 del sito e per sviluppare profili di navigazione, al fine di apportare miglioramenti. <\/li>\n<li><strong><em>Cookie<\/em> pubblicitari<\/strong>: sono quelli che consentono la gestione, nel modo pi\u00f9 efficace possibile, degli spazi pubblicitari che, se del caso, l&#8217;editore ha incluso in una pagina web, un&#8217;applicazione o una piattaforma da cui fornisce il servizio richiesto in base a criteri quali il contenuto modificato o la frequenza con cui vengono visualizzati gli annunci.<\/li>\n<li><strong><em>Cookie<\/em> di pubblicit\u00e0 comportamentale<\/strong>: raccolgono informazioni sulle preferenze e scelte personali dell&#8217;utente (<em>retargeting<\/em>) per consentire la gestione, nel modo pi\u00f9 efficace possibile, degli spazi pubblicitari che, se del caso, l&#8217;editore ha incluso in una pagina web, un&#8217;applicazione o una piattaforma da cui fornisce il servizio richiesto.<\/li>\n<li><strong><em>Cookie<\/em> sociali<\/strong>: sono stabiliti dalle piattaforme di social network nei servizi per consentirti di condividere contenuti con i tuoi amici e le tue reti. Le piattaforme di social media hanno la capacit\u00e0 di tracciare la tua attivit\u00e0 online al di fuori dei servizi. <\/li>\n<li><strong><em>Cookie<\/em> di affiliazione<\/strong>: consentono di tenere traccia delle visite provenienti da altri siti web, con i quali il sito web stabilisce un contratto di affiliazione (societ\u00e0 di affiliazione).<\/li>\n<li><strong><em>Cookie<\/em> di sicurezza<\/strong>: memorizzano informazioni crittografate per impedire che i dati in essi memorizzati siano vulnerabili ad attacchi dannosi da parte di terzi.<\/li>\n<\/ul>\n<h4>Secondo la propriet\u00e0<\/h4>\n<ul>\n<li><strong><em>Cookie<\/em> proprietari<\/strong>: sono quelli che vengono inviati all&#8217;apparecchiatura terminale dell&#8217;utente da un&#8217;apparecchiatura o un dominio gestito dallo stesso editore e da cui viene fornito il servizio richiesto dall&#8217;utente.<\/li>\n<li><strong><em>Cookie<\/em> di terze parti<\/strong>: sono quelli che vengono inviati all&#8217;apparecchiatura terminale dell&#8217;utente da un&#8217;apparecchiatura o un dominio non gestito dall&#8217;editore, ma da un&#8217;altra entit\u00e0 che elabora i dati ottenuti tramite i cookie.<\/li>\n<\/ul>\n<h4>Secondo il periodo di conservazione<\/h4>\n<ul>\n<li><strong><em>Cookie<\/em> di sessione<\/strong>: progettati per raccogliere e memorizzare dati mentre l&#8217;utente accede a una pagina web.<\/li>\n<li><strong><em>Cookie<\/em> persistenti<\/strong>: i dati rimangono memorizzati nel terminale e possono essere consultati ed elaborati per un periodo definito dal responsabile del <em>cookie<\/em>, che pu\u00f2 variare da pochi minuti a diversi anni.<\/li>\n<\/ul>\n<h3>Trattamento dei dati personali<\/h3>\n<p>Visobath, S.L \u00e8 il <strong>Responsabile del trattamento<\/strong> dei dati personali dell&#8217;<strong>Interessato<\/strong><br \/>\ne ti informa che questi dati saranno trattati in conformit\u00e0 con le disposizioni del Regolamento (UE) 2016\/679, del 27 aprile 2016 (GDPR),<br \/>\npertanto ti vengono fornite le seguenti informazioni sul trattamento:<\/p>\n<p><strong>Finalit\u00e0 del trattamento:<\/strong> come specificato nella sezione dei <em>cookie<\/em> utilizzati in questo sito web.<\/p>\n<p><strong>Legittimazione del trattamento:<\/strong> salvo nei casi in cui sia necessario per la navigazione sul web, con il consenso dell&#8217;interessato (art. 6.1 GDPR).<\/p>\n<p><strong>Criteri di conservazione dei dati:<\/strong> come specificato nella sezione dei <em>cookie<\/em> utilizzati sul web.<\/p>\n<p><strong>Comunicazione dei dati:<\/strong> i dati non saranno comunicati a terzi, ad eccezione dei cookie di propriet\u00e0 di terzi o per obbligo legale.<\/p>\n<h4>Diritti spettanti all&#8217;interessato<\/h4>\n<ul>\n<li>Diritto di revocare il consenso in qualsiasi momento.<\/li>\n<li>Diritto di accesso, rettifica, portabilit\u00e0 e cancellazione dei propri dati, nonch\u00e9 di limitazione o opposizione al loro trattamento.<\/li>\n<li>Diritto di presentare un reclamo all&#8217;Autorit\u00e0 di controllo (www.aepd.es) qualora ritenga che il trattamento non sia conforme alla normativa.<\/li>\n<\/ul>\n<h4>Dati di contatto per esercitare i propri diritti<\/h4>\n<p>Visobath, S.L. Ctra. C\u00f3rdoba &#8211; M\u00e1laga, Km 68,4 &#8211; 14900 Lucena (C\u00f3rdoba).<br \/>\nE-mail: <a href=\"mailto:comercial@visobath.com\">comercial@visobath.com<\/a> <\/p>\n<h3>Cookie utilizzati in questo sito web<\/h3>\n<h3><strong>Cookie controllati dall&#8217;editore<\/strong><\/h3>\n<h4>Tecnici e funzionali<\/h4>\n<table>\n<thead>\n<tr>\n<th>Propriet\u00e0<\/th>\n<th>Cookie<\/th>\n<th>Finalit\u00e0<\/th>\n<th>Durata<\/th>\n<\/tr>\n<\/thead>\n<tbody>\n<tr>\n<td>c.clarity.ms<\/td>\n<td>ANONCHK<\/td>\n<td>Cookie necessario per l&#8217;utilizzo delle opzioni e dei servizi del sito web<\/td>\n<td>Sessione<\/td>\n<\/tr>\n<tr>\n<td>c.clarity.ms<\/td>\n<td>SM<\/td>\n<td>Cookie necessario per l&#8217;utilizzo delle opzioni e dei servizi del sito web<\/td>\n<td>Sessione<\/td>\n<\/tr>\n<tr>\n<td>clarity.ms<\/td>\n<td>CLID<\/td>\n<td>Cookie necessario per l&#8217;utilizzo delle opzioni e dei servizi del sito web<\/td>\n<td>1 anno<\/td>\n<\/tr>\n<tr>\n<td>facebook.com<\/td>\n<td>dpr<\/td>\n<td>Necessario per il componente aggiuntivo social di Facebook<\/td>\n<td>2 giorni<\/td>\n<\/tr>\n<tr>\n<td>facebook.com<\/td>\n<td>m_page_voice<\/td>\n<td>Cookie necessario per l&#8217;utilizzo delle opzioni e dei servizi del sito web<\/td>\n<td>1 mese<\/td>\n<\/tr>\n<tr>\n<td>facebook.com<\/td>\n<td>wd<\/td>\n<td>Questo cookie memorizza le dimensioni della finestra del browser ed \u00e8 utilizzato da Facebook per ottimizzare la fornitura della pagina.<\/td>\n<td>2 giorni<\/td>\n<\/tr>\n<tr>\n<td>google.com<\/td>\n<td>Secure-1PSIDTS<\/td>\n<td>Cookie necessario per l&#8217;utilizzo delle opzioni e dei servizi del sito web<\/td>\n<td>1 anno<\/td>\n<\/tr>\n<tr>\n<td>google.com<\/td>\n<td>Secure-3PSIDTS<\/td>\n<td>Cookie necessario per l&#8217;utilizzo delle opzioni e dei servizi del sito web<\/td>\n<td>1 anno<\/td>\n<\/tr>\n<tr>\n<td>google.com<\/td>\n<td>_GRECAPTCHA<\/td>\n<td>Cookie necessario per l&#8217;utilizzo delle opzioni e dei servizi del sito web<\/td>\n<td>6 mesi<\/td>\n<\/tr>\n<tr>\n<td>google.com<\/td>\n<td>AEC<\/td>\n<td>Cookie necessario per l&#8217;utilizzo delle opzioni e dei servizi del sito web<\/td>\n<td>3 mesi<\/td>\n<\/tr>\n<tr>\n<td>google.com<\/td>\n<td>CONSENT<\/td>\n<td>Tracker di consenso dei cookie di Google<\/td>\n<td>5 mesi<\/td>\n<\/tr>\n<tr>\n<td>google.com<\/td>\n<td>OGPC<\/td>\n<td>Cookie necessario per l&#8217;utilizzo delle opzioni e dei servizi del sito web<\/td>\n<td>24 giorni<\/td>\n<\/tr>\n<tr>\n<td>google.com<\/td>\n<td>SEARCH_SAMESITE<\/td>\n<td>SameSite impedisce al browser di inviare questo cookie insieme alle richieste tra siti. L&#8217;obiettivo principale \u00e8 mitigare il rischio di perdita di informazioni di origine incrociata. Fornisce inoltre una certa protezione contro gli attacchi di falsificazione di richieste tra siti.  <\/td>\n<td>6 mesi<\/td>\n<\/tr>\n<tr>\n<td>google.com<\/td>\n<td>SOCS<\/td>\n<td>Cookie necessario per l&#8217;utilizzo delle opzioni e dei servizi del sito web<\/td>\n<td>4 mesi<\/td>\n<\/tr>\n<tr>\n<td>visobath.com<\/td>\n<td>_clck<\/td>\n<td>Cookie necessario per l&#8217;utilizzo delle opzioni e dei servizi del sito web<\/td>\n<td>1 anno<\/td>\n<\/tr>\n<tr>\n<td>visobath.com<\/td>\n<td>_clsk<\/td>\n<td>Cookie necessario per l&#8217;utilizzo delle opzioni e dei servizi del sito web<\/td>\n<td>22 ore<\/td>\n<\/tr>\n<tr>\n<td>visobath.com<\/td>\n<td>_ga_HY6QXS8YNN<\/td>\n<td>Cookie necessario per l&#8217;utilizzo delle opzioni e dei servizi del sito web<\/td>\n<td>1 anno<\/td>\n<\/tr>\n<tr>\n<td>visobath.com<\/td>\n<td>_ga_M0Q2N5THX4<\/td>\n<td>Cookie necessario per l&#8217;utilizzo delle opzioni e dei servizi del sito web<\/td>\n<td>1 anno<\/td>\n<\/tr>\n<tr>\n<td>visobath.com<\/td>\n<td>_gat_gtag_UA_168827158_1<\/td>\n<td>Cookie necessario per l&#8217;utilizzo delle opzioni e dei servizi del sito web<\/td>\n<td>Sessione<\/td>\n<\/tr>\n<\/tbody>\n<\/table>\n<h4>Analitici<\/h4>\n<table>\n<thead>\n<tr>\n<th>Propriet\u00e0<\/th>\n<th>Cookie<\/th>\n<th>Finalit\u00e0<\/th>\n<th>Durata<\/th>\n<\/tr>\n<\/thead>\n<tbody>\n<tr>\n<td>visobath.com<\/td>\n<td>_ga<\/td>\n<td>ID utilizzato per identificare gli utenti<\/td>\n<td>1 anno<\/td>\n<\/tr>\n<tr>\n<td>visobath.com<\/td>\n<td>_gid<\/td>\n<td>ID utilizzato per identificare gli utenti per 24 ore dopo l&#8217;ultima attivit\u00e0<\/td>\n<td>22 ore<\/td>\n<\/tr>\n<\/tbody>\n<\/table>\n<h4>Pubblicitari<\/h4>\n<table>\n<thead>\n<tr>\n<th>Propriet\u00e0<\/th>\n<th>Cookie<\/th>\n<th>Finalit\u00e0<\/th>\n<th>Durata<\/th>\n<\/tr>\n<\/thead>\n<tbody>\n<tr>\n<td>c.clarity.ms<\/td>\n<td>MR<\/td>\n<td>Viene utilizzato per raccogliere informazioni a fini di analisi.<\/td>\n<td>7 giorni<\/td>\n<\/tr>\n<tr>\n<td>clarity.ms<\/td>\n<td>MUID<\/td>\n<td>Identifica i browser web univoci che visitano i siti di Microsoft. Questi cookie vengono utilizzati per pubblicit\u00e0, analisi dei siti e altri scopi operativi.<\/td>\n<td>1 anno<\/td>\n<\/tr>\n<tr>\n<td>facebook.com<\/td>\n<td>c_user<\/td>\n<td>Utilizzato insieme al cookie XS per autenticare la tua identit\u00e0 su Facebook. Contenuto: ID utente<\/td>\n<td>1 anno<\/td>\n<\/tr>\n<tr>\n<td>facebook.com<\/td>\n<td>datr<\/td>\n<td>Viene utilizzato per prevenire la creazione di account falsi\/spam. DATR \u00e8 associato a un browser, non a singole persone.<\/td>\n<td>1 anno<\/td>\n<\/tr>\n<tr>\n<td>facebook.com<\/td>\n<td>fr<\/td>\n<td>Contiene un browser univoco e un identificatore utente, che viene utilizzato per la pubblicit\u00e0 mirata.<\/td>\n<td>3 mesi<\/td>\n<\/tr>\n<tr>\n<td>facebook.com<\/td>\n<td>sb<\/td>\n<td>Identificazione del browser di Facebook, autenticazione, marketing e altri cookie di funzioni specifiche di Facebook.<\/td>\n<td>5 mesi<\/td>\n<\/tr>\n<tr>\n<td>facebook.com<\/td>\n<td>xs<\/td>\n<td>Utilizzato insieme al cookie c_user per autenticare la tua identit\u00e0 su Facebook.<\/td>\n<td>1 anno<\/td>\n<\/tr>\n<tr>\n<td>google.com<\/td>\n<td>1P_JAR<\/td>\n<td>Cookie tramite video di YouTube incorporati: registrano dati statistici anonimi (riproduzioni e configurazione).<\/td>\n<td>1 mese<\/td>\n<\/tr>\n<tr>\n<td>google.com<\/td>\n<td>NID<\/td>\n<td>Statistiche del sito, tassi di conversione e personalizzazione degli annunci di Google<\/td>\n<td>7 mesi<\/td>\n<\/tr>\n<tr>\n<td>google.com<\/td>\n<td>OTZ<\/td>\n<td>Analisi aggregata dei visitatori del sito<\/td>\n<td>4 giorni<\/td>\n<\/tr>\n<tr>\n<td>visobath.com<\/td>\n<td>_fbp<\/td>\n<td>Utilizzato da Facebook per offrire prodotti come pubblicit\u00e0 e offerte in tempo reale da inserzionisti terzi<\/td>\n<td>3 mesi<\/td>\n<\/tr>\n<\/tbody>\n<\/table>\n<p>I servizi di terze parti sono al di fuori del controllo dell&#8217;editore. I fornitori possono modificare in qualsiasi momento le proprie condizioni di servizio,<br \/>\nfinalit\u00e0 e utilizzo dei cookie, ecc. <\/p>\n<h3>Fornitori esterni di questo sito web<\/h3>\n<table>\n<thead>\n<tr>\n<th>Editore<\/th>\n<th>Informativa sulla privacy<\/th>\n<\/tr>\n<\/thead>\n<tbody>\n<tr>\n<td>Bing \/ Microsoft<\/td>\n<td><a href=\"https:\/\/account.microsoft.com\/privacy\">https:\/\/account.microsoft.com\/privacy<\/a><\/td>\n<\/tr>\n<tr>\n<td>Facebook<\/td>\n<td><a href=\"https:\/\/www.facebook.com\/about\/privacy\/\">https:\/\/www.facebook.com\/about\/privacy\/<\/a><\/td>\n<\/tr>\n<tr>\n<td>Facebook<\/td>\n<td><a href=\"https:\/\/www.facebook.com\/policies\/cookies\/\">https:\/\/www.facebook.com\/policies\/cookies\/<\/a><\/td>\n<\/tr>\n<tr>\n<td>Google Analytics<\/td>\n<td><a href=\"https:\/\/privacy.google.com\/take-control.html\">https:\/\/privacy.google.com\/take-control.html<\/a><\/td>\n<\/tr>\n<tr>\n<td>Google<\/td>\n<td><a href=\"https:\/\/privacy.google.com\/take-control.html\">https:\/\/privacy.google.com\/take-control.html<\/a><\/td>\n<\/tr>\n<\/tbody>\n<\/table>\n<h3>Pannello di configurazione dei cookie<\/h3>\n<p>Da questo pannello \u00e8 possibile configurare i cookie che il sito web pu\u00f2 installare nel browser, ad eccezione dei cookie tecnici o funzionali<br \/>\nche sono necessari per la navigazione e l&#8217;utilizzo delle diverse opzioni o servizi offerti.<\/p>\n<h4>Pannello dei cookie<\/h4>\n<table>\n<thead>\n<tr>\n<th colspan=\"3\">Come gestire i cookie dal browser<\/th>\n<\/tr>\n<\/thead>\n<tbody>\n<tr>\n<th colspan=\"2\">Eliminare i cookie dal dispositivo<\/th>\n<td>I cookie gi\u00e0 presenti su un dispositivo possono essere eliminati cancellando la cronologia del browser, eliminando cos\u00ec i cookie<br \/>\ndi tutti i siti web visitati. Tuttavia, si pu\u00f2 anche perdere parte delle informazioni salvate (ad esempio, i dati di accesso<br \/>\no le preferenze del sito web).<\/td>\n<\/tr>\n<tr>\n<th colspan=\"2\">Gestire i cookie specifici del sito<\/th>\n<td>Per avere un controllo pi\u00f9 preciso dei cookie specifici di ogni sito, gli utenti possono regolare le impostazioni di privacy<br \/>\ne dei cookie nel browser.<\/td>\n<\/tr>\n<tr>\n<th colspan=\"2\">Bloccare i cookie<\/th>\n<td>Sebbene la maggior parte dei browser moderni possa essere configurata per impedire l&#8217;installazione di cookie sui dispositivi, ci\u00f2 pu\u00f2 obbligare<br \/>\nalla regolazione manuale di determinate preferenze ogni volta che si visita un sito o una pagina. Inoltre, alcuni servizi e funzionalit\u00e0 potrebbero non<br \/>\nfunzionare correttamente (ad esempio, gli accessi con profilo).<\/td>\n<\/tr>\n<tr>\n<th colspan=\"3\">Come eliminare i cookie dai browser pi\u00f9 comuni<\/th>\n<\/tr>\n<tr>\n<th>Chrome<\/th>\n<td colspan=\"2\"><a href=\"http:\/\/support.google.com\/chrome\/answer\/95647?hl=es\">http:\/\/support.google.com\/chrome\/answer\/95647?hl=es<\/a><\/td>\n<\/tr>\n<tr>\n<th>Edge<\/th>\n<td colspan=\"2\"><a href=\"https:\/\/support.microsoft.com\/es-es\/microsoft-edge\/eliminar-las-cookies-en-microsoft-edge-63947406-40ac-c3b8-57b9-2a946a29ae09\">https:\/\/support.microsoft.com\/es-es\/microsoft-edge\/eliminar-las-cookies-en-microsoft-edge-63947406-40ac-c3b8-57b9-2a946a29ae09<\/a><\/td>\n<\/tr>\n<tr>\n<th>Explorer<\/th>\n<td colspan=\"2\"><a href=\"https:\/\/support.microsoft.com\/es-es\/help\/278835\/how-to-delete-cookie-files-in-internet-explorer\">https:\/\/support.microsoft.com\/es-es\/help\/278835\/how-to-delete-cookie-files-in-internet-explorer<\/a><\/td>\n<\/tr>\n<tr>\n<th>Firefox<\/th>\n<td colspan=\"2\"><a href=\"https:\/\/www.mozilla.org\/es-ES\/privacy\/websites\/#cookies\">https:\/\/www.mozilla.org\/es-ES\/privacy\/websites\/#cookies<\/a><\/td>\n<\/tr>\n<tr>\n<th>Safari<\/th>\n<td colspan=\"2\"><a href=\"https:\/\/support.apple.com\/es-es\/guide\/safari\/sfri11471\/mac\">https:\/\/support.apple.com\/es-es\/guide\/safari\/sfri11471\/mac<\/a><\/td>\n<\/tr>\n<tr>\n<th>Opera<\/th>\n<td colspan=\"2\"><a href=\"https:\/\/help.opera.com\/en\/latest\/security-and-privacy\/#clearBrowsingData\">https:\/\/help.opera.com\/en\/latest\/security-and-privacy\/#clearBrowsingData<\/a><\/td>\n<\/tr>\n<\/tbody>\n<\/table>\n","protected":false},"excerpt":{"rendered":"<p>In conformit\u00e0 con la Legge 34\/2002, dell&#8217;11 luglio, sui servizi della societ\u00e0 dell&#8217;informazione e del commercio elettronico (LSSI), in relazione al Regolamento (UE) 2016\/679 del Parlamento Europeo e del Consiglio, del 27 aprile 2016, Regolamento generale sulla protezione dei dati (GDPR) e alla Legge organica 3\/2018, del 5 dicembre, sulla protezione dei dati personali e [&hellip;]<\/p>\n","protected":false},"author":1,"featured_media":0,"parent":0,"menu_order":0,"comment_status":"closed","ping_status":"closed","template":"","meta":{"_acf_changed":false,"footnotes":""},"class_list":["post-2172","page","type-page","status-publish","hentry"],"acf":[],"yoast_head":"<!-- This site is optimized with the Yoast SEO plugin v27.2 - https:\/\/yoast.com\/product\/yoast-seo-wordpress\/ -->\n<title>Politica sui cookie - Visobath<\/title>\n<meta name=\"robots\" content=\"noindex, nofollow\" \/>\n<meta property=\"og:locale\" content=\"it_IT\" \/>\n<meta property=\"og:type\" content=\"article\" \/>\n<meta property=\"og:title\" content=\"Politica sui cookie - Visobath\" \/>\n<meta property=\"og:description\" content=\"In conformit\u00e0 con la Legge 34\/2002, dell&#8217;11 luglio, sui servizi della societ\u00e0 dell&#8217;informazione e del commercio elettronico (LSSI), in relazione al Regolamento (UE) 2016\/679 del Parlamento Europeo e del Consiglio, del 27 aprile 2016, Regolamento generale sulla protezione dei dati (GDPR) e alla Legge organica 3\/2018, del 5 dicembre, sulla protezione dei dati personali e [&hellip;]\" \/>\n<meta property=\"og:url\" content=\"https:\/\/visobath.com\/it\/politica-sui-cookie\/\" \/>\n<meta property=\"og:site_name\" content=\"Visobath\" \/>\n<meta property=\"article:publisher\" content=\"https:\/\/www.facebook.com\/MueblesVisobath\/\" \/>\n<meta property=\"og:image\" content=\"https:\/\/visobath.com\/wp-content\/uploads\/2026\/01\/logo-visobath.webp\" \/>\n\t<meta property=\"og:image:width\" content=\"1200\" \/>\n\t<meta property=\"og:image:height\" content=\"900\" \/>\n\t<meta property=\"og:image:type\" content=\"image\/webp\" \/>\n<meta name=\"twitter:label1\" content=\"Tempo di lettura stimato\" \/>\n\t<meta name=\"twitter:data1\" content=\"9 minuti\" \/>\n<script type=\"application\/ld+json\" class=\"yoast-schema-graph\">{\"@context\":\"https:\/\/schema.org\",\"@graph\":[{\"@type\":\"WebPage\",\"@id\":\"https:\/\/visobath.com\/it\/politica-sui-cookie\/\",\"url\":\"https:\/\/visobath.com\/it\/politica-sui-cookie\/\",\"name\":\"Politica sui cookie - Visobath\",\"isPartOf\":{\"@id\":\"https:\/\/visobath.com\/it\/#website\"},\"datePublished\":\"2025-12-17T16:02:32+00:00\",\"breadcrumb\":{\"@id\":\"https:\/\/visobath.com\/it\/politica-sui-cookie\/#breadcrumb\"},\"inLanguage\":\"it-IT\",\"potentialAction\":[{\"@type\":\"ReadAction\",\"target\":[\"https:\/\/visobath.com\/it\/politica-sui-cookie\/\"]}]},{\"@type\":\"BreadcrumbList\",\"@id\":\"https:\/\/visobath.com\/it\/politica-sui-cookie\/#breadcrumb\",\"itemListElement\":[{\"@type\":\"ListItem\",\"position\":1,\"name\":\"Portada\",\"item\":\"https:\/\/visobath.com\/it\/\"},{\"@type\":\"ListItem\",\"position\":2,\"name\":\"Politica sui cookie\"}]},{\"@type\":\"WebSite\",\"@id\":\"https:\/\/visobath.com\/it\/#website\",\"url\":\"https:\/\/visobath.com\/it\/\",\"name\":\"VISO\",\"description\":\"Fabricantes de Muebles de Ba\u00f1o\",\"publisher\":{\"@id\":\"https:\/\/visobath.com\/it\/#organization\"},\"alternateName\":\"Visobath\",\"potentialAction\":[{\"@type\":\"SearchAction\",\"target\":{\"@type\":\"EntryPoint\",\"urlTemplate\":\"https:\/\/visobath.com\/it\/?s={search_term_string}\"},\"query-input\":{\"@type\":\"PropertyValueSpecification\",\"valueRequired\":true,\"valueName\":\"search_term_string\"}}],\"inLanguage\":\"it-IT\"},{\"@type\":\"Organization\",\"@id\":\"https:\/\/visobath.com\/it\/#organization\",\"name\":\"Visobath\",\"alternateName\":\"VISO\",\"url\":\"https:\/\/visobath.com\/it\/\",\"logo\":{\"@type\":\"ImageObject\",\"inLanguage\":\"it-IT\",\"@id\":\"https:\/\/visobath.com\/it\/#\/schema\/logo\/image\/\",\"url\":\"https:\/\/visobath.com\/wp-content\/uploads\/2026\/01\/logo-visobath.webp\",\"contentUrl\":\"https:\/\/visobath.com\/wp-content\/uploads\/2026\/01\/logo-visobath.webp\",\"width\":1200,\"height\":900,\"caption\":\"Visobath\"},\"image\":{\"@id\":\"https:\/\/visobath.com\/it\/#\/schema\/logo\/image\/\"},\"sameAs\":[\"https:\/\/www.facebook.com\/MueblesVisobath\/\",\"https:\/\/www.instagram.com\/visobath\/\",\"https:\/\/www.youtube.com\/channel\/UC5z9EZiakQVmel8gWMbPrTQ\/videos\",\"https:\/\/es.linkedin.com\/company\/visobath-s-l\"]}]}<\/script>\n<!-- \/ Yoast SEO plugin. -->","yoast_head_json":{"title":"Politica sui cookie - Visobath","robots":{"index":"noindex","follow":"nofollow"},"og_locale":"it_IT","og_type":"article","og_title":"Politica sui cookie - Visobath","og_description":"In conformit\u00e0 con la Legge 34\/2002, dell&#8217;11 luglio, sui servizi della societ\u00e0 dell&#8217;informazione e del commercio elettronico (LSSI), in relazione al Regolamento (UE) 2016\/679 del Parlamento Europeo e del Consiglio, del 27 aprile 2016, Regolamento generale sulla protezione dei dati (GDPR) e alla Legge organica 3\/2018, del 5 dicembre, sulla protezione dei dati personali e [&hellip;]","og_url":"https:\/\/visobath.com\/it\/politica-sui-cookie\/","og_site_name":"Visobath","article_publisher":"https:\/\/www.facebook.com\/MueblesVisobath\/","og_image":[{"width":1200,"height":900,"url":"https:\/\/visobath.com\/wp-content\/uploads\/2026\/01\/logo-visobath.webp","type":"image\/webp"}],"twitter_misc":{"Tempo di lettura stimato":"9 minuti"},"schema":{"@context":"https:\/\/schema.org","@graph":[{"@type":"WebPage","@id":"https:\/\/visobath.com\/it\/politica-sui-cookie\/","url":"https:\/\/visobath.com\/it\/politica-sui-cookie\/","name":"Politica sui cookie - Visobath","isPartOf":{"@id":"https:\/\/visobath.com\/it\/#website"},"datePublished":"2025-12-17T16:02:32+00:00","breadcrumb":{"@id":"https:\/\/visobath.com\/it\/politica-sui-cookie\/#breadcrumb"},"inLanguage":"it-IT","potentialAction":[{"@type":"ReadAction","target":["https:\/\/visobath.com\/it\/politica-sui-cookie\/"]}]},{"@type":"BreadcrumbList","@id":"https:\/\/visobath.com\/it\/politica-sui-cookie\/#breadcrumb","itemListElement":[{"@type":"ListItem","position":1,"name":"Portada","item":"https:\/\/visobath.com\/it\/"},{"@type":"ListItem","position":2,"name":"Politica sui cookie"}]},{"@type":"WebSite","@id":"https:\/\/visobath.com\/it\/#website","url":"https:\/\/visobath.com\/it\/","name":"VISO","description":"Fabricantes de Muebles de Ba\u00f1o","publisher":{"@id":"https:\/\/visobath.com\/it\/#organization"},"alternateName":"Visobath","potentialAction":[{"@type":"SearchAction","target":{"@type":"EntryPoint","urlTemplate":"https:\/\/visobath.com\/it\/?s={search_term_string}"},"query-input":{"@type":"PropertyValueSpecification","valueRequired":true,"valueName":"search_term_string"}}],"inLanguage":"it-IT"},{"@type":"Organization","@id":"https:\/\/visobath.com\/it\/#organization","name":"Visobath","alternateName":"VISO","url":"https:\/\/visobath.com\/it\/","logo":{"@type":"ImageObject","inLanguage":"it-IT","@id":"https:\/\/visobath.com\/it\/#\/schema\/logo\/image\/","url":"https:\/\/visobath.com\/wp-content\/uploads\/2026\/01\/logo-visobath.webp","contentUrl":"https:\/\/visobath.com\/wp-content\/uploads\/2026\/01\/logo-visobath.webp","width":1200,"height":900,"caption":"Visobath"},"image":{"@id":"https:\/\/visobath.com\/it\/#\/schema\/logo\/image\/"},"sameAs":["https:\/\/www.facebook.com\/MueblesVisobath\/","https:\/\/www.instagram.com\/visobath\/","https:\/\/www.youtube.com\/channel\/UC5z9EZiakQVmel8gWMbPrTQ\/videos","https:\/\/es.linkedin.com\/company\/visobath-s-l"]}]}},"_links":{"self":[{"href":"https:\/\/visobath.com\/it\/wp-json\/wp\/v2\/pages\/2172","targetHints":{"allow":["GET"]}}],"collection":[{"href":"https:\/\/visobath.com\/it\/wp-json\/wp\/v2\/pages"}],"about":[{"href":"https:\/\/visobath.com\/it\/wp-json\/wp\/v2\/types\/page"}],"author":[{"embeddable":true,"href":"https:\/\/visobath.com\/it\/wp-json\/wp\/v2\/users\/1"}],"replies":[{"embeddable":true,"href":"https:\/\/visobath.com\/it\/wp-json\/wp\/v2\/comments?post=2172"}],"version-history":[{"count":0,"href":"https:\/\/visobath.com\/it\/wp-json\/wp\/v2\/pages\/2172\/revisions"}],"wp:attachment":[{"href":"https:\/\/visobath.com\/it\/wp-json\/wp\/v2\/media?parent=2172"}],"curies":[{"name":"wp","href":"https:\/\/api.w.org\/{rel}","templated":true}]}}