{"id":9043,"date":"2026-04-16T10:51:39","date_gmt":"2026-04-16T08:51:39","guid":{"rendered":"https:\/\/visobath.com\/compliance\/"},"modified":"2026-04-16T16:22:52","modified_gmt":"2026-04-16T14:22:52","slug":"conformite","status":"publish","type":"page","link":"https:\/\/visobath.com\/fr\/conformite\/","title":{"rendered":"Conformit\u00e9 et \u00e9thique d&rsquo;entreprise"},"content":{"rendered":"<div>VISOBATH, S.L. op\u00e8re dans le cadre d\u2019un Syst\u00e8me de Compliance P\u00e9nale mis en place conform\u00e9ment \u00e0 l\u2019article 31 bis du Code p\u00e9nal espagnol et align\u00e9 sur les standards de la norme UNE 19601. Ce syst\u00e8me refl\u00e8te l\u2019engagement ferme de notre organisation en faveur de l\u2019int\u00e9grit\u00e9, de la transparence et d\u2019une conduite \u00e9thique dans l\u2019ensemble de ses activit\u00e9s, tant en Espagne que dans plus de 55 pays o\u00f9 nous sommes pr\u00e9sents.<\/div>\n<div><\/div>\n<div>Notre mod\u00e8le de conformit\u00e9 vise \u00e0 identifier, pr\u00e9venir et g\u00e9rer les risques p\u00e9naux li\u00e9s \u00e0 l\u2019activit\u00e9 commerciale du Groupe VISOBATH, en promouvant une culture d\u2019entreprise fond\u00e9e sur le respect de la loi et des normes \u00e9thiques les plus \u00e9lev\u00e9es du secteur.<\/div>\n<div><\/div>\n<h2>LE SYST\u00c8ME DE COMPLIANCE DE VISOBATH COMPREND :<\/h2>\n<div>Code de conduite : il \u00e9tablit les principes et les valeurs qui guident le comportement de tous les professionnels du Groupe, ind\u00e9pendamment de leur fonction ou de leur localisation g\u00e9ographique.<\/div>\n<div><a class=\"btn btn-gray\" href=\"https:\/\/visobath.com\/documents\/fr\/code-de-conduite.pdf\" target=\"_blank\" rel=\"nofollow noopener\"><u>T\u00e9l\u00e9charger le Code de conduite<\/u><\/a><\/div>\n","protected":false},"excerpt":{"rendered":"<p>VISOBATH, S.L. op\u00e8re dans le cadre d\u2019un Syst\u00e8me de Compliance P\u00e9nale mis en place conform\u00e9ment \u00e0 l\u2019article 31 bis du Code p\u00e9nal espagnol et align\u00e9 sur les standards de la norme UNE 19601. Ce syst\u00e8me refl\u00e8te l\u2019engagement ferme de notre organisation en faveur de l\u2019int\u00e9grit\u00e9, de la transparence et d\u2019une conduite \u00e9thique dans l\u2019ensemble de [&hellip;]<\/p>\n","protected":false},"author":1,"featured_media":0,"parent":0,"menu_order":0,"comment_status":"closed","ping_status":"closed","template":"","meta":{"_acf_changed":false,"footnotes":""},"class_list":["post-9043","page","type-page","status-publish","hentry"],"acf":[],"yoast_head":"<!-- This site is optimized with the Yoast SEO plugin v27.4 - https:\/\/yoast.com\/product\/yoast-seo-wordpress\/ -->\n<title>Conformit\u00e9 et \u00e9thique d&#039;entreprise - Visobath<\/title>\n<meta name=\"robots\" content=\"noindex, nofollow\" \/>\n<meta property=\"og:locale\" content=\"fr_FR\" \/>\n<meta property=\"og:type\" content=\"article\" \/>\n<meta property=\"og:title\" content=\"Conformit\u00e9 et \u00e9thique d&#039;entreprise - Visobath\" \/>\n<meta property=\"og:description\" content=\"VISOBATH, S.L. op\u00e8re dans le cadre d\u2019un Syst\u00e8me de Compliance P\u00e9nale mis en place conform\u00e9ment \u00e0 l\u2019article 31 bis du Code p\u00e9nal espagnol et align\u00e9 sur les standards de la norme UNE 19601. Ce syst\u00e8me refl\u00e8te l\u2019engagement ferme de notre organisation en faveur de l\u2019int\u00e9grit\u00e9, de la transparence et d\u2019une conduite \u00e9thique dans l\u2019ensemble de [&hellip;]\" \/>\n<meta property=\"og:url\" content=\"https:\/\/visobath.com\/fr\/conformite\/\" \/>\n<meta property=\"og:site_name\" content=\"Visobath\" \/>\n<meta property=\"article:publisher\" content=\"https:\/\/www.facebook.com\/MueblesVisobath\/\" \/>\n<meta property=\"article:modified_time\" content=\"2026-04-16T14:22:52+00:00\" \/>\n<meta property=\"og:image\" content=\"https:\/\/visobath.com\/wp-content\/uploads\/2026\/01\/logo-visobath.webp\" \/>\n\t<meta property=\"og:image:width\" content=\"1200\" \/>\n\t<meta property=\"og:image:height\" content=\"900\" \/>\n\t<meta property=\"og:image:type\" content=\"image\/webp\" \/>\n<meta name=\"twitter:label1\" content=\"Dur\u00e9e de lecture estim\u00e9e\" \/>\n\t<meta name=\"twitter:data1\" content=\"1 minute\" \/>\n<script type=\"application\/ld+json\" class=\"yoast-schema-graph\">{\"@context\":\"https:\\\/\\\/schema.org\",\"@graph\":[{\"@type\":\"WebPage\",\"@id\":\"https:\\\/\\\/visobath.com\\\/fr\\\/conformite\\\/\",\"url\":\"https:\\\/\\\/visobath.com\\\/fr\\\/conformite\\\/\",\"name\":\"Conformit\u00e9 et \u00e9thique d'entreprise - Visobath\",\"isPartOf\":{\"@id\":\"https:\\\/\\\/visobath.com\\\/fr\\\/#website\"},\"datePublished\":\"2026-04-16T08:51:39+00:00\",\"dateModified\":\"2026-04-16T14:22:52+00:00\",\"breadcrumb\":{\"@id\":\"https:\\\/\\\/visobath.com\\\/fr\\\/conformite\\\/#breadcrumb\"},\"inLanguage\":\"fr-FR\",\"potentialAction\":[{\"@type\":\"ReadAction\",\"target\":[\"https:\\\/\\\/visobath.com\\\/fr\\\/conformite\\\/\"]}]},{\"@type\":\"BreadcrumbList\",\"@id\":\"https:\\\/\\\/visobath.com\\\/fr\\\/conformite\\\/#breadcrumb\",\"itemListElement\":[{\"@type\":\"ListItem\",\"position\":1,\"name\":\"Portada\",\"item\":\"https:\\\/\\\/visobath.com\\\/fr\\\/\"},{\"@type\":\"ListItem\",\"position\":2,\"name\":\"Conformit\u00e9 et \u00e9thique d&#8217;entreprise\"}]},{\"@type\":\"WebSite\",\"@id\":\"https:\\\/\\\/visobath.com\\\/fr\\\/#website\",\"url\":\"https:\\\/\\\/visobath.com\\\/fr\\\/\",\"name\":\"VISO\",\"description\":\"Fabricantes de Muebles de Ba\u00f1o\",\"publisher\":{\"@id\":\"https:\\\/\\\/visobath.com\\\/fr\\\/#organization\"},\"alternateName\":\"Visobath\",\"potentialAction\":[{\"@type\":\"SearchAction\",\"target\":{\"@type\":\"EntryPoint\",\"urlTemplate\":\"https:\\\/\\\/visobath.com\\\/fr\\\/?s={search_term_string}\"},\"query-input\":{\"@type\":\"PropertyValueSpecification\",\"valueRequired\":true,\"valueName\":\"search_term_string\"}}],\"inLanguage\":\"fr-FR\"},{\"@type\":\"Organization\",\"@id\":\"https:\\\/\\\/visobath.com\\\/fr\\\/#organization\",\"name\":\"Visobath\",\"alternateName\":\"VISO\",\"url\":\"https:\\\/\\\/visobath.com\\\/fr\\\/\",\"logo\":{\"@type\":\"ImageObject\",\"inLanguage\":\"fr-FR\",\"@id\":\"https:\\\/\\\/visobath.com\\\/fr\\\/#\\\/schema\\\/logo\\\/image\\\/\",\"url\":\"https:\\\/\\\/visobath.com\\\/wp-content\\\/uploads\\\/2026\\\/01\\\/logo-visobath.webp\",\"contentUrl\":\"https:\\\/\\\/visobath.com\\\/wp-content\\\/uploads\\\/2026\\\/01\\\/logo-visobath.webp\",\"width\":1200,\"height\":900,\"caption\":\"Visobath\"},\"image\":{\"@id\":\"https:\\\/\\\/visobath.com\\\/fr\\\/#\\\/schema\\\/logo\\\/image\\\/\"},\"sameAs\":[\"https:\\\/\\\/www.facebook.com\\\/MueblesVisobath\\\/\",\"https:\\\/\\\/www.instagram.com\\\/visobath\\\/\",\"https:\\\/\\\/www.youtube.com\\\/channel\\\/UC5z9EZiakQVmel8gWMbPrTQ\\\/videos\",\"https:\\\/\\\/es.linkedin.com\\\/company\\\/visobath-s-l\"]}]}<\/script>\n<!-- \/ Yoast SEO plugin. -->","yoast_head_json":{"title":"Conformit\u00e9 et \u00e9thique d'entreprise - Visobath","robots":{"index":"noindex","follow":"nofollow"},"og_locale":"fr_FR","og_type":"article","og_title":"Conformit\u00e9 et \u00e9thique d'entreprise - Visobath","og_description":"VISOBATH, S.L. op\u00e8re dans le cadre d\u2019un Syst\u00e8me de Compliance P\u00e9nale mis en place conform\u00e9ment \u00e0 l\u2019article 31 bis du Code p\u00e9nal espagnol et align\u00e9 sur les standards de la norme UNE 19601. Ce syst\u00e8me refl\u00e8te l\u2019engagement ferme de notre organisation en faveur de l\u2019int\u00e9grit\u00e9, de la transparence et d\u2019une conduite \u00e9thique dans l\u2019ensemble de [&hellip;]","og_url":"https:\/\/visobath.com\/fr\/conformite\/","og_site_name":"Visobath","article_publisher":"https:\/\/www.facebook.com\/MueblesVisobath\/","article_modified_time":"2026-04-16T14:22:52+00:00","og_image":[{"width":1200,"height":900,"url":"https:\/\/visobath.com\/wp-content\/uploads\/2026\/01\/logo-visobath.webp","type":"image\/webp"}],"twitter_misc":{"Dur\u00e9e de lecture estim\u00e9e":"1 minute"},"schema":{"@context":"https:\/\/schema.org","@graph":[{"@type":"WebPage","@id":"https:\/\/visobath.com\/fr\/conformite\/","url":"https:\/\/visobath.com\/fr\/conformite\/","name":"Conformit\u00e9 et \u00e9thique d'entreprise - Visobath","isPartOf":{"@id":"https:\/\/visobath.com\/fr\/#website"},"datePublished":"2026-04-16T08:51:39+00:00","dateModified":"2026-04-16T14:22:52+00:00","breadcrumb":{"@id":"https:\/\/visobath.com\/fr\/conformite\/#breadcrumb"},"inLanguage":"fr-FR","potentialAction":[{"@type":"ReadAction","target":["https:\/\/visobath.com\/fr\/conformite\/"]}]},{"@type":"BreadcrumbList","@id":"https:\/\/visobath.com\/fr\/conformite\/#breadcrumb","itemListElement":[{"@type":"ListItem","position":1,"name":"Portada","item":"https:\/\/visobath.com\/fr\/"},{"@type":"ListItem","position":2,"name":"Conformit\u00e9 et \u00e9thique d&#8217;entreprise"}]},{"@type":"WebSite","@id":"https:\/\/visobath.com\/fr\/#website","url":"https:\/\/visobath.com\/fr\/","name":"VISO","description":"Fabricantes de Muebles de Ba\u00f1o","publisher":{"@id":"https:\/\/visobath.com\/fr\/#organization"},"alternateName":"Visobath","potentialAction":[{"@type":"SearchAction","target":{"@type":"EntryPoint","urlTemplate":"https:\/\/visobath.com\/fr\/?s={search_term_string}"},"query-input":{"@type":"PropertyValueSpecification","valueRequired":true,"valueName":"search_term_string"}}],"inLanguage":"fr-FR"},{"@type":"Organization","@id":"https:\/\/visobath.com\/fr\/#organization","name":"Visobath","alternateName":"VISO","url":"https:\/\/visobath.com\/fr\/","logo":{"@type":"ImageObject","inLanguage":"fr-FR","@id":"https:\/\/visobath.com\/fr\/#\/schema\/logo\/image\/","url":"https:\/\/visobath.com\/wp-content\/uploads\/2026\/01\/logo-visobath.webp","contentUrl":"https:\/\/visobath.com\/wp-content\/uploads\/2026\/01\/logo-visobath.webp","width":1200,"height":900,"caption":"Visobath"},"image":{"@id":"https:\/\/visobath.com\/fr\/#\/schema\/logo\/image\/"},"sameAs":["https:\/\/www.facebook.com\/MueblesVisobath\/","https:\/\/www.instagram.com\/visobath\/","https:\/\/www.youtube.com\/channel\/UC5z9EZiakQVmel8gWMbPrTQ\/videos","https:\/\/es.linkedin.com\/company\/visobath-s-l"]}]}},"_links":{"self":[{"href":"https:\/\/visobath.com\/fr\/wp-json\/wp\/v2\/pages\/9043","targetHints":{"allow":["GET"]}}],"collection":[{"href":"https:\/\/visobath.com\/fr\/wp-json\/wp\/v2\/pages"}],"about":[{"href":"https:\/\/visobath.com\/fr\/wp-json\/wp\/v2\/types\/page"}],"author":[{"embeddable":true,"href":"https:\/\/visobath.com\/fr\/wp-json\/wp\/v2\/users\/1"}],"replies":[{"embeddable":true,"href":"https:\/\/visobath.com\/fr\/wp-json\/wp\/v2\/comments?post=9043"}],"version-history":[{"count":3,"href":"https:\/\/visobath.com\/fr\/wp-json\/wp\/v2\/pages\/9043\/revisions"}],"predecessor-version":[{"id":9053,"href":"https:\/\/visobath.com\/fr\/wp-json\/wp\/v2\/pages\/9043\/revisions\/9053"}],"wp:attachment":[{"href":"https:\/\/visobath.com\/fr\/wp-json\/wp\/v2\/media?parent=9043"}],"curies":[{"name":"wp","href":"https:\/\/api.w.org\/{rel}","templated":true}]}}