{"id":2230,"date":"2025-11-04T11:30:54","date_gmt":"2025-11-04T10:30:54","guid":{"rendered":"https:\/\/new.visobath.com\/politique-de-confidentialite\/"},"modified":"2025-11-04T11:30:54","modified_gmt":"2025-11-04T10:30:54","slug":"politique-de-confidentialite","status":"publish","type":"page","link":"https:\/\/visobath.com\/fr\/politique-de-confidentialite\/","title":{"rendered":"Politique de confidentialit\u00e9"},"content":{"rendered":"<h2>1. Information \u00e0 l\u2019utilisateur<\/h2>\n<h5>Qui est responsable du traitement de vos donn\u00e9es personnelles&nbsp;?<\/h5>\n<p><strong>Visobath, S.L.<\/strong> est responsable du traitement des donn\u00e9es personnelles de l\u2019utilisateur et vous informe que ces donn\u00e9es seront trait\u00e9es conform\u00e9ment aux dispositions du R\u00e8glement (UE) 2016\/679 du 27&nbsp;avril (RGPD) et de la Loi organique 3\/2018 du 5&nbsp;d\u00e9cembre (LOPDGDD).<\/p>\n<h5>Dans quel but traitons-nous vos donn\u00e9es personnelles et pourquoi le faisons-nous&nbsp;?<\/h5>\n<p>Selon le formulaire o\u00f9 nous avons obtenu vos donn\u00e9es personnelles, nous les traiterons de mani\u00e8re confidentielle pour atteindre les objectifs suivants&nbsp;:<\/p>\n<p><strong>Formulaire de contact<\/strong><\/p>\n<ul>\n<li>R\u00e9pondre aux questions ou \u00e0 tout type de demande faite par l\u2019utilisateur via les moyens de contact disponibles sur le site web. (int\u00e9r\u00eat l\u00e9gitime du responsable, art. 6.1.f RGPD) <\/li>\n<li>R\u00e9aliser des analyses statistiques et des \u00e9tudes de march\u00e9. (int\u00e9r\u00eat l\u00e9gitime du responsable, art. 6.1.f RGPD) <\/li>\n<\/ul>\n<p><strong>Formulaire de newsletter<\/strong><\/p>\n<ul>\n<li>Envoyer des bulletins d\u2019information, des nouveaut\u00e9s, des offres et des promotions en ligne. (consentement de l\u2019int\u00e9ress\u00e9, art. 6.1.a RGPD) <\/li>\n<\/ul>\n<p><strong>Formulaire de demande de devis<\/strong><\/p>\n<ul>\n<li>Envoyer des devis commerciaux sur les produits et services. (ex\u00e9cution d\u2019un contrat ou pr\u00e9contrat, art. 6.1.b RGPD) <\/li>\n<\/ul>\n<p><strong>Formulaire d\u2019inscription d\u2019utilisateur<\/strong><\/p>\n<ul>\n<li>G\u00e9rer le compte de l\u2019utilisateur pour lui fournir un acc\u00e8s personnalis\u00e9 au site web et aux services interactifs propos\u00e9s. (consentement de l\u2019int\u00e9ress\u00e9, art. 6.1.a RGPD) <\/li>\n<\/ul>\n<p><strong>Formulaire de commerce \u00e9lectronique<\/strong><\/p>\n<ul>\n<li>G\u00e9rer l\u2019achat ou la commande en ligne, traiter le paiement et r\u00e9aliser l\u2019envoi ou l\u2019activation correspondante. (ex\u00e9cution d\u2019un contrat ou pr\u00e9contrat, art. 6.1.b RGPD) <\/li>\n<li>G\u00e9rer, maintenir, am\u00e9liorer ou d\u00e9velopper les services fournis. (ex\u00e9cution d\u2019un contrat ou pr\u00e9contrat, art. 6.1.b RGPD) <\/li>\n<li>R\u00e9aliser des enqu\u00eates de satisfaction et de qualit\u00e9. (int\u00e9r\u00eat l\u00e9gitime du responsable, art. 6.1.f RGPD) <\/li>\n<\/ul>\n<h5>Pendant combien de temps conserverons-nous vos donn\u00e9es personnelles&nbsp;?<\/h5>\n<p>Les donn\u00e9es seront conserv\u00e9es pendant la dur\u00e9e n\u00e9cessaire au maintien de la finalit\u00e9 du traitement ou tant qu\u2019il existe des obligations l\u00e9gales qui exigent leur conservation. Une fois ce d\u00e9lai \u00e9coul\u00e9, les donn\u00e9es seront supprim\u00e9es avec les mesures de s\u00e9curit\u00e9 appropri\u00e9es pour garantir leur anonymisation ou leur destruction totale. <\/p>\n<h5>\u00c0 qui fournissons-nous vos donn\u00e9es personnelles&nbsp;?<\/h5>\n<p>Aucune communication de donn\u00e9es personnelles \u00e0 des tiers n\u2019est pr\u00e9vue, sauf lorsque cela est n\u00e9cessaire au d\u00e9veloppement et \u00e0 l\u2019ex\u00e9cution des finalit\u00e9s du traitement, auquel cas elles seront communiqu\u00e9es aux fournisseurs de services avec lesquels le responsable a sign\u00e9 les contrats de confidentialit\u00e9 et de responsable du traitement correspondants, conform\u00e9ment \u00e0 la r\u00e9glementation en vigueur.<\/p>\n<h5>Quels sont vos droits&nbsp;?<\/h5>\n<p>L\u2019utilisateur a le droit de&nbsp;:<\/p>\n<ul>\n<li>Retirer son consentement \u00e0 tout moment.<\/li>\n<li>Acc\u00e9der, rectifier, transf\u00e9rer et supprimer ses donn\u00e9es, ainsi que limiter ou s\u2019opposer \u00e0 leur traitement.<\/li>\n<li>D\u00e9poser une r\u00e9clamation aupr\u00e8s de l\u2019autorit\u00e9 de contr\u00f4le comp\u00e9tente (www.aepd.es) s\u2019il consid\u00e8re que le traitement n\u2019est pas conforme \u00e0 la r\u00e9glementation en vigueur.<\/li>\n<\/ul>\n<h5>Coordonn\u00e9es pour exercer vos droits<\/h5>\n<p>Visobath, S.L.<br \/>\nCtra. C\u00f3rdoba \u2013 M\u00e1laga, Km 68,4<br \/>\n14900 Lucena (C\u00f3rdoba)<br \/>\nEmail&nbsp;: <a href=\"mailto:comercial@visobath.com\">comercial@visobath.com<\/a> <\/p>\n<h2>2. Caract\u00e8re obligatoire ou facultatif des informations fournies par l\u2019utilisateur<\/h2>\n<p>En cochant les cases correspondantes et en saisissant les donn\u00e9es dans les champs marqu\u00e9s d\u2019un ast\u00e9risque (*), les utilisateurs acceptent librement, express\u00e9ment et sans \u00e9quivoque que leurs donn\u00e9es sont n\u00e9cessaires pour r\u00e9pondre \u00e0 leur demande. L\u2019inclusion de donn\u00e9es dans les champs restants est volontaire. <\/p>\n<p>L\u2019utilisateur garantit que les donn\u00e9es personnelles fournies sont v\u00e9ridiques et s\u2019engage \u00e0 communiquer toute modification de celles-ci. S\u2019il ne fournit pas toutes les donn\u00e9es demand\u00e9es, il n\u2019est pas garanti que les services et les informations fournis soient parfaitement adapt\u00e9s \u00e0 ses besoins. <\/p>\n<h2>3. Mesures de s\u00e9curit\u00e9<\/h2>\n<p>Le responsable du traitement respecte toutes les dispositions \u00e9tablies dans le RGPD et la LOPDGDD et applique les principes \u00e9nonc\u00e9s \u00e0 l\u2019article&nbsp;5 du RGPD, garantissant que les donn\u00e9es personnelles sont trait\u00e9es de mani\u00e8re licite, loyale et transparente, et qu\u2019elles sont ad\u00e9quates, pertinentes et limit\u00e9es aux finalit\u00e9s pour lesquelles elles sont trait\u00e9es.<\/p>\n<p>De m\u00eame, le responsable a mis en \u0153uvre les mesures techniques et organisationnelles n\u00e9cessaires pour prot\u00e9ger les droits et libert\u00e9s des utilisateurs et garantir la s\u00e9curit\u00e9 des donn\u00e9es personnelles.<\/p>\n<p>Pour plus d\u2019informations sur les garanties de confidentialit\u00e9, vous pouvez contacter Visobath, S.L. \u00e0 l\u2019adresse indiqu\u00e9e ci-dessus ou par e-mail \u00e0 <a href=\"mailto:comercial@visobath.com\">comercial@visobath.com<\/a>.<\/p>\n","protected":false},"excerpt":{"rendered":"<p>1. Information \u00e0 l\u2019utilisateur Qui est responsable du traitement de vos donn\u00e9es personnelles&nbsp;? Visobath, S.L. est responsable du traitement des donn\u00e9es personnelles de l\u2019utilisateur et vous informe que ces donn\u00e9es seront trait\u00e9es conform\u00e9ment aux dispositions du R\u00e8glement (UE) 2016\/679 du 27&nbsp;avril (RGPD) et de la Loi organique 3\/2018 du 5&nbsp;d\u00e9cembre (LOPDGDD). Dans quel but traitons-nous [&hellip;]<\/p>\n","protected":false},"author":1,"featured_media":0,"parent":0,"menu_order":0,"comment_status":"closed","ping_status":"closed","template":"","meta":{"_acf_changed":false,"footnotes":""},"class_list":["post-2230","page","type-page","status-publish","hentry"],"acf":[],"yoast_head":"<!-- This site is optimized with the Yoast SEO plugin v27.4 - https:\/\/yoast.com\/product\/yoast-seo-wordpress\/ -->\n<title>Politique de confidentialit\u00e9 - Visobath<\/title>\n<meta name=\"robots\" content=\"noindex, nofollow\" \/>\n<meta property=\"og:locale\" content=\"fr_FR\" \/>\n<meta property=\"og:type\" content=\"article\" \/>\n<meta property=\"og:title\" content=\"Politique de confidentialit\u00e9 - Visobath\" \/>\n<meta property=\"og:description\" content=\"1. Information \u00e0 l\u2019utilisateur Qui est responsable du traitement de vos donn\u00e9es personnelles&nbsp;? Visobath, S.L. est responsable du traitement des donn\u00e9es personnelles de l\u2019utilisateur et vous informe que ces donn\u00e9es seront trait\u00e9es conform\u00e9ment aux dispositions du R\u00e8glement (UE) 2016\/679 du 27&nbsp;avril (RGPD) et de la Loi organique 3\/2018 du 5&nbsp;d\u00e9cembre (LOPDGDD). Dans quel but traitons-nous [&hellip;]\" \/>\n<meta property=\"og:url\" content=\"https:\/\/visobath.com\/fr\/politique-de-confidentialite\/\" \/>\n<meta property=\"og:site_name\" content=\"Visobath\" \/>\n<meta property=\"article:publisher\" content=\"https:\/\/www.facebook.com\/MueblesVisobath\/\" \/>\n<meta property=\"og:image\" content=\"https:\/\/visobath.com\/wp-content\/uploads\/2026\/01\/logo-visobath.webp\" \/>\n\t<meta property=\"og:image:width\" content=\"1200\" \/>\n\t<meta property=\"og:image:height\" content=\"900\" \/>\n\t<meta property=\"og:image:type\" content=\"image\/webp\" \/>\n<meta name=\"twitter:label1\" content=\"Dur\u00e9e de lecture estim\u00e9e\" \/>\n\t<meta name=\"twitter:data1\" content=\"4 minutes\" \/>\n<script type=\"application\/ld+json\" class=\"yoast-schema-graph\">{\"@context\":\"https:\\\/\\\/schema.org\",\"@graph\":[{\"@type\":\"WebPage\",\"@id\":\"https:\\\/\\\/visobath.com\\\/fr\\\/politique-de-confidentialite\\\/\",\"url\":\"https:\\\/\\\/visobath.com\\\/fr\\\/politique-de-confidentialite\\\/\",\"name\":\"Politique de confidentialit\u00e9 - Visobath\",\"isPartOf\":{\"@id\":\"https:\\\/\\\/visobath.com\\\/fr\\\/#website\"},\"datePublished\":\"2025-11-04T10:30:54+00:00\",\"breadcrumb\":{\"@id\":\"https:\\\/\\\/visobath.com\\\/fr\\\/politique-de-confidentialite\\\/#breadcrumb\"},\"inLanguage\":\"fr-FR\",\"potentialAction\":[{\"@type\":\"ReadAction\",\"target\":[\"https:\\\/\\\/visobath.com\\\/fr\\\/politique-de-confidentialite\\\/\"]}]},{\"@type\":\"BreadcrumbList\",\"@id\":\"https:\\\/\\\/visobath.com\\\/fr\\\/politique-de-confidentialite\\\/#breadcrumb\",\"itemListElement\":[{\"@type\":\"ListItem\",\"position\":1,\"name\":\"Portada\",\"item\":\"https:\\\/\\\/visobath.com\\\/fr\\\/\"},{\"@type\":\"ListItem\",\"position\":2,\"name\":\"Politique de confidentialit\u00e9\"}]},{\"@type\":\"WebSite\",\"@id\":\"https:\\\/\\\/visobath.com\\\/fr\\\/#website\",\"url\":\"https:\\\/\\\/visobath.com\\\/fr\\\/\",\"name\":\"VISO\",\"description\":\"Fabricantes de Muebles de Ba\u00f1o\",\"publisher\":{\"@id\":\"https:\\\/\\\/visobath.com\\\/fr\\\/#organization\"},\"alternateName\":\"Visobath\",\"potentialAction\":[{\"@type\":\"SearchAction\",\"target\":{\"@type\":\"EntryPoint\",\"urlTemplate\":\"https:\\\/\\\/visobath.com\\\/fr\\\/?s={search_term_string}\"},\"query-input\":{\"@type\":\"PropertyValueSpecification\",\"valueRequired\":true,\"valueName\":\"search_term_string\"}}],\"inLanguage\":\"fr-FR\"},{\"@type\":\"Organization\",\"@id\":\"https:\\\/\\\/visobath.com\\\/fr\\\/#organization\",\"name\":\"Visobath\",\"alternateName\":\"VISO\",\"url\":\"https:\\\/\\\/visobath.com\\\/fr\\\/\",\"logo\":{\"@type\":\"ImageObject\",\"inLanguage\":\"fr-FR\",\"@id\":\"https:\\\/\\\/visobath.com\\\/fr\\\/#\\\/schema\\\/logo\\\/image\\\/\",\"url\":\"https:\\\/\\\/visobath.com\\\/wp-content\\\/uploads\\\/2026\\\/01\\\/logo-visobath.webp\",\"contentUrl\":\"https:\\\/\\\/visobath.com\\\/wp-content\\\/uploads\\\/2026\\\/01\\\/logo-visobath.webp\",\"width\":1200,\"height\":900,\"caption\":\"Visobath\"},\"image\":{\"@id\":\"https:\\\/\\\/visobath.com\\\/fr\\\/#\\\/schema\\\/logo\\\/image\\\/\"},\"sameAs\":[\"https:\\\/\\\/www.facebook.com\\\/MueblesVisobath\\\/\",\"https:\\\/\\\/www.instagram.com\\\/visobath\\\/\",\"https:\\\/\\\/www.youtube.com\\\/channel\\\/UC5z9EZiakQVmel8gWMbPrTQ\\\/videos\",\"https:\\\/\\\/es.linkedin.com\\\/company\\\/visobath-s-l\"]}]}<\/script>\n<!-- \/ Yoast SEO plugin. -->","yoast_head_json":{"title":"Politique de confidentialit\u00e9 - Visobath","robots":{"index":"noindex","follow":"nofollow"},"og_locale":"fr_FR","og_type":"article","og_title":"Politique de confidentialit\u00e9 - Visobath","og_description":"1. Information \u00e0 l\u2019utilisateur Qui est responsable du traitement de vos donn\u00e9es personnelles&nbsp;? Visobath, S.L. est responsable du traitement des donn\u00e9es personnelles de l\u2019utilisateur et vous informe que ces donn\u00e9es seront trait\u00e9es conform\u00e9ment aux dispositions du R\u00e8glement (UE) 2016\/679 du 27&nbsp;avril (RGPD) et de la Loi organique 3\/2018 du 5&nbsp;d\u00e9cembre (LOPDGDD). Dans quel but traitons-nous [&hellip;]","og_url":"https:\/\/visobath.com\/fr\/politique-de-confidentialite\/","og_site_name":"Visobath","article_publisher":"https:\/\/www.facebook.com\/MueblesVisobath\/","og_image":[{"width":1200,"height":900,"url":"https:\/\/visobath.com\/wp-content\/uploads\/2026\/01\/logo-visobath.webp","type":"image\/webp"}],"twitter_misc":{"Dur\u00e9e de lecture estim\u00e9e":"4 minutes"},"schema":{"@context":"https:\/\/schema.org","@graph":[{"@type":"WebPage","@id":"https:\/\/visobath.com\/fr\/politique-de-confidentialite\/","url":"https:\/\/visobath.com\/fr\/politique-de-confidentialite\/","name":"Politique de confidentialit\u00e9 - Visobath","isPartOf":{"@id":"https:\/\/visobath.com\/fr\/#website"},"datePublished":"2025-11-04T10:30:54+00:00","breadcrumb":{"@id":"https:\/\/visobath.com\/fr\/politique-de-confidentialite\/#breadcrumb"},"inLanguage":"fr-FR","potentialAction":[{"@type":"ReadAction","target":["https:\/\/visobath.com\/fr\/politique-de-confidentialite\/"]}]},{"@type":"BreadcrumbList","@id":"https:\/\/visobath.com\/fr\/politique-de-confidentialite\/#breadcrumb","itemListElement":[{"@type":"ListItem","position":1,"name":"Portada","item":"https:\/\/visobath.com\/fr\/"},{"@type":"ListItem","position":2,"name":"Politique de confidentialit\u00e9"}]},{"@type":"WebSite","@id":"https:\/\/visobath.com\/fr\/#website","url":"https:\/\/visobath.com\/fr\/","name":"VISO","description":"Fabricantes de Muebles de Ba\u00f1o","publisher":{"@id":"https:\/\/visobath.com\/fr\/#organization"},"alternateName":"Visobath","potentialAction":[{"@type":"SearchAction","target":{"@type":"EntryPoint","urlTemplate":"https:\/\/visobath.com\/fr\/?s={search_term_string}"},"query-input":{"@type":"PropertyValueSpecification","valueRequired":true,"valueName":"search_term_string"}}],"inLanguage":"fr-FR"},{"@type":"Organization","@id":"https:\/\/visobath.com\/fr\/#organization","name":"Visobath","alternateName":"VISO","url":"https:\/\/visobath.com\/fr\/","logo":{"@type":"ImageObject","inLanguage":"fr-FR","@id":"https:\/\/visobath.com\/fr\/#\/schema\/logo\/image\/","url":"https:\/\/visobath.com\/wp-content\/uploads\/2026\/01\/logo-visobath.webp","contentUrl":"https:\/\/visobath.com\/wp-content\/uploads\/2026\/01\/logo-visobath.webp","width":1200,"height":900,"caption":"Visobath"},"image":{"@id":"https:\/\/visobath.com\/fr\/#\/schema\/logo\/image\/"},"sameAs":["https:\/\/www.facebook.com\/MueblesVisobath\/","https:\/\/www.instagram.com\/visobath\/","https:\/\/www.youtube.com\/channel\/UC5z9EZiakQVmel8gWMbPrTQ\/videos","https:\/\/es.linkedin.com\/company\/visobath-s-l"]}]}},"_links":{"self":[{"href":"https:\/\/visobath.com\/fr\/wp-json\/wp\/v2\/pages\/2230","targetHints":{"allow":["GET"]}}],"collection":[{"href":"https:\/\/visobath.com\/fr\/wp-json\/wp\/v2\/pages"}],"about":[{"href":"https:\/\/visobath.com\/fr\/wp-json\/wp\/v2\/types\/page"}],"author":[{"embeddable":true,"href":"https:\/\/visobath.com\/fr\/wp-json\/wp\/v2\/users\/1"}],"replies":[{"embeddable":true,"href":"https:\/\/visobath.com\/fr\/wp-json\/wp\/v2\/comments?post=2230"}],"version-history":[{"count":0,"href":"https:\/\/visobath.com\/fr\/wp-json\/wp\/v2\/pages\/2230\/revisions"}],"wp:attachment":[{"href":"https:\/\/visobath.com\/fr\/wp-json\/wp\/v2\/media?parent=2230"}],"curies":[{"name":"wp","href":"https:\/\/api.w.org\/{rel}","templated":true}]}}