{"id":2187,"date":"2025-11-24T16:06:11","date_gmt":"2025-11-24T15:06:11","guid":{"rendered":"https:\/\/new.visobath.com\/produits-pour-salles-de-bains\/"},"modified":"2026-01-22T10:08:18","modified_gmt":"2026-01-22T09:08:18","slug":"produits-pour-salles-de-bains","status":"publish","type":"page","link":"https:\/\/visobath.com\/fr\/produits-pour-salles-de-bains\/","title":{"rendered":"Produits pour salles de bains"},"content":{"rendered":"<p>D\u00e9couvrez la s\u00e9lection de produits VISO pour la salle de bains.<br data-start=\"690\" data-end=\"693\" \/>Meubles, lavabos, miroirs et accessoires con\u00e7us pour combiner fonctionnalit\u00e9, design et qualit\u00e9, et fa\u00e7onner des salles de bains actuelles et fonctionnelles.<\/p>\n","protected":false},"excerpt":{"rendered":"<p>D\u00e9couvrez la s\u00e9lection de produits VISO pour la salle de bains.Meubles, lavabos, miroirs et accessoires con\u00e7us pour combiner fonctionnalit\u00e9, design et qualit\u00e9, et fa\u00e7onner des salles de bains actuelles et fonctionnelles.<\/p>\n","protected":false},"author":1,"featured_media":0,"parent":0,"menu_order":0,"comment_status":"closed","ping_status":"closed","template":"","meta":{"_acf_changed":false,"footnotes":""},"class_list":["post-2187","page","type-page","status-publish","hentry"],"acf":[],"yoast_head":"<!-- This site is optimized with the Yoast SEO plugin v27.4 - https:\/\/yoast.com\/product\/yoast-seo-wordpress\/ -->\n<title>Produits pour salles de bains | Meubles, lavabos et \u00e9quipement complet<\/title>\n<meta name=\"description\" content=\"Produits pour salles de bains de haute qualit\u00e9 : meubles, lavabos, miroirs, plans de toilette, appliques et accessoires con\u00e7us pour des projets professionnels.\" \/>\n<meta name=\"robots\" content=\"index, follow, max-snippet:-1, max-image-preview:large, max-video-preview:-1\" \/>\n<link rel=\"canonical\" href=\"https:\/\/visobath.com\/fr\/produits-pour-salles-de-bains\/\" \/>\n<meta property=\"og:locale\" content=\"fr_FR\" \/>\n<meta property=\"og:type\" content=\"article\" \/>\n<meta property=\"og:title\" content=\"Produits pour salles de bains | Meubles, lavabos et \u00e9quipement complet\" \/>\n<meta property=\"og:description\" content=\"Produits pour salles de bains de haute qualit\u00e9 : meubles, lavabos, miroirs, plans de toilette, appliques et accessoires con\u00e7us pour des projets professionnels.\" \/>\n<meta property=\"og:url\" content=\"https:\/\/visobath.com\/fr\/produits-pour-salles-de-bains\/\" \/>\n<meta property=\"og:site_name\" content=\"Visobath\" \/>\n<meta property=\"article:publisher\" content=\"https:\/\/www.facebook.com\/MueblesVisobath\/\" \/>\n<meta property=\"article:modified_time\" content=\"2026-01-22T09:08:18+00:00\" \/>\n<meta property=\"og:image\" content=\"https:\/\/visobath.com\/wp-content\/uploads\/2026\/01\/logo-visobath.webp\" \/>\n\t<meta property=\"og:image:width\" content=\"1200\" \/>\n\t<meta property=\"og:image:height\" content=\"900\" \/>\n\t<meta property=\"og:image:type\" content=\"image\/webp\" \/>\n<meta name=\"twitter:label1\" content=\"Dur\u00e9e de lecture estim\u00e9e\" \/>\n\t<meta name=\"twitter:data1\" content=\"1 minute\" \/>\n<script type=\"application\/ld+json\" class=\"yoast-schema-graph\">{\"@context\":\"https:\\\/\\\/schema.org\",\"@graph\":[{\"@type\":\"WebPage\",\"@id\":\"https:\\\/\\\/visobath.com\\\/fr\\\/produits-pour-salles-de-bains\\\/\",\"url\":\"https:\\\/\\\/visobath.com\\\/fr\\\/produits-pour-salles-de-bains\\\/\",\"name\":\"Produits pour salles de bains | Meubles, lavabos et \u00e9quipement complet\",\"isPartOf\":{\"@id\":\"https:\\\/\\\/visobath.com\\\/fr\\\/#website\"},\"datePublished\":\"2025-11-24T15:06:11+00:00\",\"dateModified\":\"2026-01-22T09:08:18+00:00\",\"description\":\"Produits pour salles de bains de haute qualit\u00e9 : meubles, lavabos, miroirs, plans de toilette, appliques et accessoires con\u00e7us pour des projets professionnels.\",\"breadcrumb\":{\"@id\":\"https:\\\/\\\/visobath.com\\\/fr\\\/produits-pour-salles-de-bains\\\/#breadcrumb\"},\"inLanguage\":\"fr-FR\",\"potentialAction\":[{\"@type\":\"ReadAction\",\"target\":[\"https:\\\/\\\/visobath.com\\\/fr\\\/produits-pour-salles-de-bains\\\/\"]}]},{\"@type\":\"BreadcrumbList\",\"@id\":\"https:\\\/\\\/visobath.com\\\/fr\\\/produits-pour-salles-de-bains\\\/#breadcrumb\",\"itemListElement\":[{\"@type\":\"ListItem\",\"position\":1,\"name\":\"Portada\",\"item\":\"https:\\\/\\\/visobath.com\\\/fr\\\/\"},{\"@type\":\"ListItem\",\"position\":2,\"name\":\"Produits pour salles de bains\"}]},{\"@type\":\"WebSite\",\"@id\":\"https:\\\/\\\/visobath.com\\\/fr\\\/#website\",\"url\":\"https:\\\/\\\/visobath.com\\\/fr\\\/\",\"name\":\"VISO\",\"description\":\"Fabricantes de Muebles de Ba\u00f1o\",\"publisher\":{\"@id\":\"https:\\\/\\\/visobath.com\\\/fr\\\/#organization\"},\"alternateName\":\"Visobath\",\"potentialAction\":[{\"@type\":\"SearchAction\",\"target\":{\"@type\":\"EntryPoint\",\"urlTemplate\":\"https:\\\/\\\/visobath.com\\\/fr\\\/?s={search_term_string}\"},\"query-input\":{\"@type\":\"PropertyValueSpecification\",\"valueRequired\":true,\"valueName\":\"search_term_string\"}}],\"inLanguage\":\"fr-FR\"},{\"@type\":\"Organization\",\"@id\":\"https:\\\/\\\/visobath.com\\\/fr\\\/#organization\",\"name\":\"Visobath\",\"alternateName\":\"VISO\",\"url\":\"https:\\\/\\\/visobath.com\\\/fr\\\/\",\"logo\":{\"@type\":\"ImageObject\",\"inLanguage\":\"fr-FR\",\"@id\":\"https:\\\/\\\/visobath.com\\\/fr\\\/#\\\/schema\\\/logo\\\/image\\\/\",\"url\":\"https:\\\/\\\/visobath.com\\\/wp-content\\\/uploads\\\/2026\\\/01\\\/logo-visobath.webp\",\"contentUrl\":\"https:\\\/\\\/visobath.com\\\/wp-content\\\/uploads\\\/2026\\\/01\\\/logo-visobath.webp\",\"width\":1200,\"height\":900,\"caption\":\"Visobath\"},\"image\":{\"@id\":\"https:\\\/\\\/visobath.com\\\/fr\\\/#\\\/schema\\\/logo\\\/image\\\/\"},\"sameAs\":[\"https:\\\/\\\/www.facebook.com\\\/MueblesVisobath\\\/\",\"https:\\\/\\\/www.instagram.com\\\/visobath\\\/\",\"https:\\\/\\\/www.youtube.com\\\/channel\\\/UC5z9EZiakQVmel8gWMbPrTQ\\\/videos\",\"https:\\\/\\\/es.linkedin.com\\\/company\\\/visobath-s-l\"]}]}<\/script>\n<!-- \/ Yoast SEO plugin. -->","yoast_head_json":{"title":"Produits pour salles de bains | Meubles, lavabos et \u00e9quipement complet","description":"Produits pour salles de bains de haute qualit\u00e9 : meubles, lavabos, miroirs, plans de toilette, appliques et accessoires con\u00e7us pour des projets professionnels.","robots":{"index":"index","follow":"follow","max-snippet":"max-snippet:-1","max-image-preview":"max-image-preview:large","max-video-preview":"max-video-preview:-1"},"canonical":"https:\/\/visobath.com\/fr\/produits-pour-salles-de-bains\/","og_locale":"fr_FR","og_type":"article","og_title":"Produits pour salles de bains | Meubles, lavabos et \u00e9quipement complet","og_description":"Produits pour salles de bains de haute qualit\u00e9 : meubles, lavabos, miroirs, plans de toilette, appliques et accessoires con\u00e7us pour des projets professionnels.","og_url":"https:\/\/visobath.com\/fr\/produits-pour-salles-de-bains\/","og_site_name":"Visobath","article_publisher":"https:\/\/www.facebook.com\/MueblesVisobath\/","article_modified_time":"2026-01-22T09:08:18+00:00","og_image":[{"width":1200,"height":900,"url":"https:\/\/visobath.com\/wp-content\/uploads\/2026\/01\/logo-visobath.webp","type":"image\/webp"}],"twitter_misc":{"Dur\u00e9e de lecture estim\u00e9e":"1 minute"},"schema":{"@context":"https:\/\/schema.org","@graph":[{"@type":"WebPage","@id":"https:\/\/visobath.com\/fr\/produits-pour-salles-de-bains\/","url":"https:\/\/visobath.com\/fr\/produits-pour-salles-de-bains\/","name":"Produits pour salles de bains | Meubles, lavabos et \u00e9quipement complet","isPartOf":{"@id":"https:\/\/visobath.com\/fr\/#website"},"datePublished":"2025-11-24T15:06:11+00:00","dateModified":"2026-01-22T09:08:18+00:00","description":"Produits pour salles de bains de haute qualit\u00e9 : meubles, lavabos, miroirs, plans de toilette, appliques et accessoires con\u00e7us pour des projets professionnels.","breadcrumb":{"@id":"https:\/\/visobath.com\/fr\/produits-pour-salles-de-bains\/#breadcrumb"},"inLanguage":"fr-FR","potentialAction":[{"@type":"ReadAction","target":["https:\/\/visobath.com\/fr\/produits-pour-salles-de-bains\/"]}]},{"@type":"BreadcrumbList","@id":"https:\/\/visobath.com\/fr\/produits-pour-salles-de-bains\/#breadcrumb","itemListElement":[{"@type":"ListItem","position":1,"name":"Portada","item":"https:\/\/visobath.com\/fr\/"},{"@type":"ListItem","position":2,"name":"Produits pour salles de bains"}]},{"@type":"WebSite","@id":"https:\/\/visobath.com\/fr\/#website","url":"https:\/\/visobath.com\/fr\/","name":"VISO","description":"Fabricantes de Muebles de Ba\u00f1o","publisher":{"@id":"https:\/\/visobath.com\/fr\/#organization"},"alternateName":"Visobath","potentialAction":[{"@type":"SearchAction","target":{"@type":"EntryPoint","urlTemplate":"https:\/\/visobath.com\/fr\/?s={search_term_string}"},"query-input":{"@type":"PropertyValueSpecification","valueRequired":true,"valueName":"search_term_string"}}],"inLanguage":"fr-FR"},{"@type":"Organization","@id":"https:\/\/visobath.com\/fr\/#organization","name":"Visobath","alternateName":"VISO","url":"https:\/\/visobath.com\/fr\/","logo":{"@type":"ImageObject","inLanguage":"fr-FR","@id":"https:\/\/visobath.com\/fr\/#\/schema\/logo\/image\/","url":"https:\/\/visobath.com\/wp-content\/uploads\/2026\/01\/logo-visobath.webp","contentUrl":"https:\/\/visobath.com\/wp-content\/uploads\/2026\/01\/logo-visobath.webp","width":1200,"height":900,"caption":"Visobath"},"image":{"@id":"https:\/\/visobath.com\/fr\/#\/schema\/logo\/image\/"},"sameAs":["https:\/\/www.facebook.com\/MueblesVisobath\/","https:\/\/www.instagram.com\/visobath\/","https:\/\/www.youtube.com\/channel\/UC5z9EZiakQVmel8gWMbPrTQ\/videos","https:\/\/es.linkedin.com\/company\/visobath-s-l"]}]}},"_links":{"self":[{"href":"https:\/\/visobath.com\/fr\/wp-json\/wp\/v2\/pages\/2187","targetHints":{"allow":["GET"]}}],"collection":[{"href":"https:\/\/visobath.com\/fr\/wp-json\/wp\/v2\/pages"}],"about":[{"href":"https:\/\/visobath.com\/fr\/wp-json\/wp\/v2\/types\/page"}],"author":[{"embeddable":true,"href":"https:\/\/visobath.com\/fr\/wp-json\/wp\/v2\/users\/1"}],"replies":[{"embeddable":true,"href":"https:\/\/visobath.com\/fr\/wp-json\/wp\/v2\/comments?post=2187"}],"version-history":[{"count":1,"href":"https:\/\/visobath.com\/fr\/wp-json\/wp\/v2\/pages\/2187\/revisions"}],"predecessor-version":[{"id":5820,"href":"https:\/\/visobath.com\/fr\/wp-json\/wp\/v2\/pages\/2187\/revisions\/5820"}],"wp:attachment":[{"href":"https:\/\/visobath.com\/fr\/wp-json\/wp\/v2\/media?parent=2187"}],"curies":[{"name":"wp","href":"https:\/\/api.w.org\/{rel}","templated":true}]}}