{"id":2180,"date":"2025-11-25T09:44:20","date_gmt":"2025-11-25T08:44:20","guid":{"rendered":"https:\/\/new.visobath.com\/catalogues-de-salle-de-bain\/"},"modified":"2026-03-20T14:10:49","modified_gmt":"2026-03-20T13:10:49","slug":"catalogues-de-salle-de-bain","status":"publish","type":"page","link":"https:\/\/visobath.com\/fr\/catalogues-de-salle-de-bain\/","title":{"rendered":"Catalogues de salle de bain"},"content":{"rendered":"<p>Acc\u00e9dez \u00e0 nos catalogues de salle de bain professionnels avec une large s\u00e9lection de meubles, lavabos, miroirs et accessoires con\u00e7us pour les projets contract, le commerce de d\u00e9tail et la distribution sp\u00e9cialis\u00e9e. Des solutions con\u00e7ues pour faciliter la prescription, am\u00e9liorer l\u2019exp\u00e9rience de vente et s\u2019adapter aux besoins r\u00e9els du canal professionnel.<\/p>\n","protected":false},"excerpt":{"rendered":"<p>Acc\u00e9dez \u00e0 nos catalogues de salle de bain professionnels avec une large s\u00e9lection de meubles, lavabos, miroirs et accessoires con\u00e7us pour les projets contract, le commerce de d\u00e9tail et la distribution sp\u00e9cialis\u00e9e. Des solutions con\u00e7ues pour faciliter la prescription, am\u00e9liorer l\u2019exp\u00e9rience de vente et s\u2019adapter aux besoins r\u00e9els du canal professionnel.<\/p>\n","protected":false},"author":1,"featured_media":0,"parent":0,"menu_order":0,"comment_status":"closed","ping_status":"closed","template":"catalogos.php","meta":{"_acf_changed":false,"footnotes":""},"class_list":["post-2180","page","type-page","status-publish","hentry"],"acf":[],"yoast_head":"<!-- This site is optimized with the Yoast SEO plugin v27.4 - https:\/\/yoast.com\/product\/yoast-seo-wordpress\/ -->\n<title>Catalogues de salle de bain professionnels | Visobath<\/title>\n<meta name=\"description\" content=\"D\u00e9couvrez nos catalogues de salle de bain pour les distributeurs et les projets. Collections et catalogue global avec meubles, lavabos et miroirs.\" \/>\n<meta name=\"robots\" content=\"index, follow, max-snippet:-1, max-image-preview:large, max-video-preview:-1\" \/>\n<link rel=\"canonical\" href=\"https:\/\/visobath.com\/fr\/catalogues-de-salle-de-bain\/\" \/>\n<meta property=\"og:locale\" content=\"fr_FR\" \/>\n<meta property=\"og:type\" content=\"article\" \/>\n<meta property=\"og:title\" content=\"Catalogues de salle de bain professionnels | Visobath\" \/>\n<meta property=\"og:description\" content=\"D\u00e9couvrez nos catalogues de salle de bain pour les distributeurs et les projets. Collections et catalogue global avec meubles, lavabos et miroirs.\" \/>\n<meta property=\"og:url\" content=\"https:\/\/visobath.com\/fr\/catalogues-de-salle-de-bain\/\" \/>\n<meta property=\"og:site_name\" content=\"Visobath\" \/>\n<meta property=\"article:publisher\" content=\"https:\/\/www.facebook.com\/MueblesVisobath\/\" \/>\n<meta property=\"article:modified_time\" content=\"2026-03-20T13:10:49+00:00\" \/>\n<meta property=\"og:image\" content=\"https:\/\/visobath.com\/wp-content\/uploads\/2026\/01\/logo-visobath.webp\" \/>\n\t<meta property=\"og:image:width\" content=\"1200\" \/>\n\t<meta property=\"og:image:height\" content=\"900\" \/>\n\t<meta property=\"og:image:type\" content=\"image\/webp\" \/>\n<meta name=\"twitter:label1\" content=\"Dur\u00e9e de lecture estim\u00e9e\" \/>\n\t<meta name=\"twitter:data1\" content=\"1 minute\" \/>\n<script type=\"application\/ld+json\" class=\"yoast-schema-graph\">{\"@context\":\"https:\\\/\\\/schema.org\",\"@graph\":[{\"@type\":\"WebPage\",\"@id\":\"https:\\\/\\\/visobath.com\\\/fr\\\/catalogues-de-salle-de-bain\\\/\",\"url\":\"https:\\\/\\\/visobath.com\\\/fr\\\/catalogues-de-salle-de-bain\\\/\",\"name\":\"Catalogues de salle de bain professionnels | Visobath\",\"isPartOf\":{\"@id\":\"https:\\\/\\\/visobath.com\\\/fr\\\/#website\"},\"datePublished\":\"2025-11-25T08:44:20+00:00\",\"dateModified\":\"2026-03-20T13:10:49+00:00\",\"description\":\"D\u00e9couvrez nos catalogues de salle de bain pour les distributeurs et les projets. Collections et catalogue global avec meubles, lavabos et miroirs.\",\"breadcrumb\":{\"@id\":\"https:\\\/\\\/visobath.com\\\/fr\\\/catalogues-de-salle-de-bain\\\/#breadcrumb\"},\"inLanguage\":\"fr-FR\",\"potentialAction\":[{\"@type\":\"ReadAction\",\"target\":[\"https:\\\/\\\/visobath.com\\\/fr\\\/catalogues-de-salle-de-bain\\\/\"]}]},{\"@type\":\"BreadcrumbList\",\"@id\":\"https:\\\/\\\/visobath.com\\\/fr\\\/catalogues-de-salle-de-bain\\\/#breadcrumb\",\"itemListElement\":[{\"@type\":\"ListItem\",\"position\":1,\"name\":\"Portada\",\"item\":\"https:\\\/\\\/visobath.com\\\/fr\\\/\"},{\"@type\":\"ListItem\",\"position\":2,\"name\":\"Catalogues de salle de bain\"}]},{\"@type\":\"WebSite\",\"@id\":\"https:\\\/\\\/visobath.com\\\/fr\\\/#website\",\"url\":\"https:\\\/\\\/visobath.com\\\/fr\\\/\",\"name\":\"VISO\",\"description\":\"Fabricantes de Muebles de Ba\u00f1o\",\"publisher\":{\"@id\":\"https:\\\/\\\/visobath.com\\\/fr\\\/#organization\"},\"alternateName\":\"Visobath\",\"potentialAction\":[{\"@type\":\"SearchAction\",\"target\":{\"@type\":\"EntryPoint\",\"urlTemplate\":\"https:\\\/\\\/visobath.com\\\/fr\\\/?s={search_term_string}\"},\"query-input\":{\"@type\":\"PropertyValueSpecification\",\"valueRequired\":true,\"valueName\":\"search_term_string\"}}],\"inLanguage\":\"fr-FR\"},{\"@type\":\"Organization\",\"@id\":\"https:\\\/\\\/visobath.com\\\/fr\\\/#organization\",\"name\":\"Visobath\",\"alternateName\":\"VISO\",\"url\":\"https:\\\/\\\/visobath.com\\\/fr\\\/\",\"logo\":{\"@type\":\"ImageObject\",\"inLanguage\":\"fr-FR\",\"@id\":\"https:\\\/\\\/visobath.com\\\/fr\\\/#\\\/schema\\\/logo\\\/image\\\/\",\"url\":\"https:\\\/\\\/visobath.com\\\/wp-content\\\/uploads\\\/2026\\\/01\\\/logo-visobath.webp\",\"contentUrl\":\"https:\\\/\\\/visobath.com\\\/wp-content\\\/uploads\\\/2026\\\/01\\\/logo-visobath.webp\",\"width\":1200,\"height\":900,\"caption\":\"Visobath\"},\"image\":{\"@id\":\"https:\\\/\\\/visobath.com\\\/fr\\\/#\\\/schema\\\/logo\\\/image\\\/\"},\"sameAs\":[\"https:\\\/\\\/www.facebook.com\\\/MueblesVisobath\\\/\",\"https:\\\/\\\/www.instagram.com\\\/visobath\\\/\",\"https:\\\/\\\/www.youtube.com\\\/channel\\\/UC5z9EZiakQVmel8gWMbPrTQ\\\/videos\",\"https:\\\/\\\/es.linkedin.com\\\/company\\\/visobath-s-l\"]}]}<\/script>\n<!-- \/ Yoast SEO plugin. -->","yoast_head_json":{"title":"Catalogues de salle de bain professionnels | Visobath","description":"D\u00e9couvrez nos catalogues de salle de bain pour les distributeurs et les projets. Collections et catalogue global avec meubles, lavabos et miroirs.","robots":{"index":"index","follow":"follow","max-snippet":"max-snippet:-1","max-image-preview":"max-image-preview:large","max-video-preview":"max-video-preview:-1"},"canonical":"https:\/\/visobath.com\/fr\/catalogues-de-salle-de-bain\/","og_locale":"fr_FR","og_type":"article","og_title":"Catalogues de salle de bain professionnels | Visobath","og_description":"D\u00e9couvrez nos catalogues de salle de bain pour les distributeurs et les projets. Collections et catalogue global avec meubles, lavabos et miroirs.","og_url":"https:\/\/visobath.com\/fr\/catalogues-de-salle-de-bain\/","og_site_name":"Visobath","article_publisher":"https:\/\/www.facebook.com\/MueblesVisobath\/","article_modified_time":"2026-03-20T13:10:49+00:00","og_image":[{"width":1200,"height":900,"url":"https:\/\/visobath.com\/wp-content\/uploads\/2026\/01\/logo-visobath.webp","type":"image\/webp"}],"twitter_misc":{"Dur\u00e9e de lecture estim\u00e9e":"1 minute"},"schema":{"@context":"https:\/\/schema.org","@graph":[{"@type":"WebPage","@id":"https:\/\/visobath.com\/fr\/catalogues-de-salle-de-bain\/","url":"https:\/\/visobath.com\/fr\/catalogues-de-salle-de-bain\/","name":"Catalogues de salle de bain professionnels | Visobath","isPartOf":{"@id":"https:\/\/visobath.com\/fr\/#website"},"datePublished":"2025-11-25T08:44:20+00:00","dateModified":"2026-03-20T13:10:49+00:00","description":"D\u00e9couvrez nos catalogues de salle de bain pour les distributeurs et les projets. Collections et catalogue global avec meubles, lavabos et miroirs.","breadcrumb":{"@id":"https:\/\/visobath.com\/fr\/catalogues-de-salle-de-bain\/#breadcrumb"},"inLanguage":"fr-FR","potentialAction":[{"@type":"ReadAction","target":["https:\/\/visobath.com\/fr\/catalogues-de-salle-de-bain\/"]}]},{"@type":"BreadcrumbList","@id":"https:\/\/visobath.com\/fr\/catalogues-de-salle-de-bain\/#breadcrumb","itemListElement":[{"@type":"ListItem","position":1,"name":"Portada","item":"https:\/\/visobath.com\/fr\/"},{"@type":"ListItem","position":2,"name":"Catalogues de salle de bain"}]},{"@type":"WebSite","@id":"https:\/\/visobath.com\/fr\/#website","url":"https:\/\/visobath.com\/fr\/","name":"VISO","description":"Fabricantes de Muebles de Ba\u00f1o","publisher":{"@id":"https:\/\/visobath.com\/fr\/#organization"},"alternateName":"Visobath","potentialAction":[{"@type":"SearchAction","target":{"@type":"EntryPoint","urlTemplate":"https:\/\/visobath.com\/fr\/?s={search_term_string}"},"query-input":{"@type":"PropertyValueSpecification","valueRequired":true,"valueName":"search_term_string"}}],"inLanguage":"fr-FR"},{"@type":"Organization","@id":"https:\/\/visobath.com\/fr\/#organization","name":"Visobath","alternateName":"VISO","url":"https:\/\/visobath.com\/fr\/","logo":{"@type":"ImageObject","inLanguage":"fr-FR","@id":"https:\/\/visobath.com\/fr\/#\/schema\/logo\/image\/","url":"https:\/\/visobath.com\/wp-content\/uploads\/2026\/01\/logo-visobath.webp","contentUrl":"https:\/\/visobath.com\/wp-content\/uploads\/2026\/01\/logo-visobath.webp","width":1200,"height":900,"caption":"Visobath"},"image":{"@id":"https:\/\/visobath.com\/fr\/#\/schema\/logo\/image\/"},"sameAs":["https:\/\/www.facebook.com\/MueblesVisobath\/","https:\/\/www.instagram.com\/visobath\/","https:\/\/www.youtube.com\/channel\/UC5z9EZiakQVmel8gWMbPrTQ\/videos","https:\/\/es.linkedin.com\/company\/visobath-s-l"]}]}},"_links":{"self":[{"href":"https:\/\/visobath.com\/fr\/wp-json\/wp\/v2\/pages\/2180","targetHints":{"allow":["GET"]}}],"collection":[{"href":"https:\/\/visobath.com\/fr\/wp-json\/wp\/v2\/pages"}],"about":[{"href":"https:\/\/visobath.com\/fr\/wp-json\/wp\/v2\/types\/page"}],"author":[{"embeddable":true,"href":"https:\/\/visobath.com\/fr\/wp-json\/wp\/v2\/users\/1"}],"replies":[{"embeddable":true,"href":"https:\/\/visobath.com\/fr\/wp-json\/wp\/v2\/comments?post=2180"}],"version-history":[{"count":1,"href":"https:\/\/visobath.com\/fr\/wp-json\/wp\/v2\/pages\/2180\/revisions"}],"predecessor-version":[{"id":7984,"href":"https:\/\/visobath.com\/fr\/wp-json\/wp\/v2\/pages\/2180\/revisions\/7984"}],"wp:attachment":[{"href":"https:\/\/visobath.com\/fr\/wp-json\/wp\/v2\/media?parent=2180"}],"curies":[{"name":"wp","href":"https:\/\/api.w.org\/{rel}","templated":true}]}}