{"id":2157,"date":"2025-12-03T19:18:51","date_gmt":"2025-12-03T18:18:51","guid":{"rendered":"https:\/\/new.visobath.com\/catalogue-promobath\/"},"modified":"2026-03-24T13:23:52","modified_gmt":"2026-03-24T12:23:52","slug":"catalogue-promobath","status":"publish","type":"page","link":"https:\/\/visobath.com\/fr\/catalogues-de-salle-de-bain\/catalogue-promobath\/","title":{"rendered":"Catalogue Promobain"},"content":{"rendered":"<p>T\u00e9l\u00e9chargez le catalogue Promobain et d\u00e9couvrez nos collections de salle de bain coordonn\u00e9es, con\u00e7ues pour faciliter la vente, am\u00e9liorer la prescription et offrir des solutions actuelles aux distributeurs et professionnels du secteur.<\/p>\n","protected":false},"excerpt":{"rendered":"<p>T\u00e9l\u00e9chargez le catalogue Promobain et d\u00e9couvrez nos collections de salle de bain coordonn\u00e9es, con\u00e7ues pour faciliter la vente, am\u00e9liorer la prescription et offrir des solutions actuelles aux distributeurs et professionnels du secteur.<\/p>\n","protected":false},"author":1,"featured_media":7977,"parent":2180,"menu_order":0,"comment_status":"closed","ping_status":"closed","template":"descargar-catalogo-promobath.php","meta":{"_acf_changed":false,"footnotes":""},"class_list":["post-2157","page","type-page","status-publish","has-post-thumbnail","hentry"],"acf":[],"yoast_head":"<!-- This site is optimized with the Yoast SEO plugin v27.4 - https:\/\/yoast.com\/product\/yoast-seo-wordpress\/ -->\n<title>Catalogue Promobath | Collections de salle de bain professionnelles<\/title>\n<meta name=\"description\" content=\"T\u00e9l\u00e9chargez le catalogue Promobath avec des collections de salle de bain con\u00e7ues pour ceux qui recherchent des solutions actuelles et commerciales.\" \/>\n<meta name=\"robots\" content=\"index, follow, max-snippet:-1, max-image-preview:large, max-video-preview:-1\" \/>\n<link rel=\"canonical\" href=\"https:\/\/visobath.com\/fr\/catalogues-de-salle-de-bain\/catalogue-promobath\/\" \/>\n<meta property=\"og:locale\" content=\"fr_FR\" \/>\n<meta property=\"og:type\" content=\"article\" \/>\n<meta property=\"og:title\" content=\"Catalogue Promobath | Collections de salle de bain professionnelles\" \/>\n<meta property=\"og:description\" content=\"T\u00e9l\u00e9chargez le catalogue Promobath avec des collections de salle de bain con\u00e7ues pour ceux qui recherchent des solutions actuelles et commerciales.\" \/>\n<meta property=\"og:url\" content=\"https:\/\/visobath.com\/fr\/catalogues-de-salle-de-bain\/catalogue-promobath\/\" \/>\n<meta property=\"og:site_name\" content=\"Visobath\" \/>\n<meta property=\"article:publisher\" content=\"https:\/\/www.facebook.com\/MueblesVisobath\/\" \/>\n<meta property=\"article:modified_time\" content=\"2026-03-24T12:23:52+00:00\" \/>\n<meta property=\"og:image\" content=\"https:\/\/visobath.com\/wp-content\/uploads\/2026\/03\/Promobath18.webp\" \/>\n\t<meta property=\"og:image:width\" content=\"1000\" \/>\n\t<meta property=\"og:image:height\" content=\"1000\" \/>\n\t<meta property=\"og:image:type\" content=\"image\/webp\" \/>\n<meta name=\"twitter:label1\" content=\"Dur\u00e9e de lecture estim\u00e9e\" \/>\n\t<meta name=\"twitter:data1\" content=\"1 minute\" \/>\n<script type=\"application\/ld+json\" class=\"yoast-schema-graph\">{\"@context\":\"https:\\\/\\\/schema.org\",\"@graph\":[{\"@type\":\"WebPage\",\"@id\":\"https:\\\/\\\/visobath.com\\\/fr\\\/catalogues-de-salle-de-bain\\\/catalogue-promobath\\\/\",\"url\":\"https:\\\/\\\/visobath.com\\\/fr\\\/catalogues-de-salle-de-bain\\\/catalogue-promobath\\\/\",\"name\":\"Catalogue Promobath | Collections de salle de bain professionnelles\",\"isPartOf\":{\"@id\":\"https:\\\/\\\/visobath.com\\\/fr\\\/#website\"},\"primaryImageOfPage\":{\"@id\":\"https:\\\/\\\/visobath.com\\\/fr\\\/catalogues-de-salle-de-bain\\\/catalogue-promobath\\\/#primaryimage\"},\"image\":{\"@id\":\"https:\\\/\\\/visobath.com\\\/fr\\\/catalogues-de-salle-de-bain\\\/catalogue-promobath\\\/#primaryimage\"},\"thumbnailUrl\":\"https:\\\/\\\/visobath.com\\\/wp-content\\\/uploads\\\/2026\\\/03\\\/Promobath18.webp\",\"datePublished\":\"2025-12-03T18:18:51+00:00\",\"dateModified\":\"2026-03-24T12:23:52+00:00\",\"description\":\"T\u00e9l\u00e9chargez le catalogue Promobath avec des collections de salle de bain con\u00e7ues pour ceux qui recherchent des solutions actuelles et commerciales.\",\"breadcrumb\":{\"@id\":\"https:\\\/\\\/visobath.com\\\/fr\\\/catalogues-de-salle-de-bain\\\/catalogue-promobath\\\/#breadcrumb\"},\"inLanguage\":\"fr-FR\",\"potentialAction\":[{\"@type\":\"ReadAction\",\"target\":[\"https:\\\/\\\/visobath.com\\\/fr\\\/catalogues-de-salle-de-bain\\\/catalogue-promobath\\\/\"]}]},{\"@type\":\"ImageObject\",\"inLanguage\":\"fr-FR\",\"@id\":\"https:\\\/\\\/visobath.com\\\/fr\\\/catalogues-de-salle-de-bain\\\/catalogue-promobath\\\/#primaryimage\",\"url\":\"https:\\\/\\\/visobath.com\\\/wp-content\\\/uploads\\\/2026\\\/03\\\/Promobath18.webp\",\"contentUrl\":\"https:\\\/\\\/visobath.com\\\/wp-content\\\/uploads\\\/2026\\\/03\\\/Promobath18.webp\",\"width\":1000,\"height\":1000},{\"@type\":\"BreadcrumbList\",\"@id\":\"https:\\\/\\\/visobath.com\\\/fr\\\/catalogues-de-salle-de-bain\\\/catalogue-promobath\\\/#breadcrumb\",\"itemListElement\":[{\"@type\":\"ListItem\",\"position\":1,\"name\":\"Portada\",\"item\":\"https:\\\/\\\/visobath.com\\\/fr\\\/\"},{\"@type\":\"ListItem\",\"position\":2,\"name\":\"Catalogues de salle de bain\",\"item\":\"https:\\\/\\\/visobath.com\\\/fr\\\/catalogues-de-salle-de-bain\\\/\"},{\"@type\":\"ListItem\",\"position\":3,\"name\":\"Catalogue Promobain\"}]},{\"@type\":\"WebSite\",\"@id\":\"https:\\\/\\\/visobath.com\\\/fr\\\/#website\",\"url\":\"https:\\\/\\\/visobath.com\\\/fr\\\/\",\"name\":\"VISO\",\"description\":\"Fabricantes de Muebles de Ba\u00f1o\",\"publisher\":{\"@id\":\"https:\\\/\\\/visobath.com\\\/fr\\\/#organization\"},\"alternateName\":\"Visobath\",\"potentialAction\":[{\"@type\":\"SearchAction\",\"target\":{\"@type\":\"EntryPoint\",\"urlTemplate\":\"https:\\\/\\\/visobath.com\\\/fr\\\/?s={search_term_string}\"},\"query-input\":{\"@type\":\"PropertyValueSpecification\",\"valueRequired\":true,\"valueName\":\"search_term_string\"}}],\"inLanguage\":\"fr-FR\"},{\"@type\":\"Organization\",\"@id\":\"https:\\\/\\\/visobath.com\\\/fr\\\/#organization\",\"name\":\"Visobath\",\"alternateName\":\"VISO\",\"url\":\"https:\\\/\\\/visobath.com\\\/fr\\\/\",\"logo\":{\"@type\":\"ImageObject\",\"inLanguage\":\"fr-FR\",\"@id\":\"https:\\\/\\\/visobath.com\\\/fr\\\/#\\\/schema\\\/logo\\\/image\\\/\",\"url\":\"https:\\\/\\\/visobath.com\\\/wp-content\\\/uploads\\\/2026\\\/01\\\/logo-visobath.webp\",\"contentUrl\":\"https:\\\/\\\/visobath.com\\\/wp-content\\\/uploads\\\/2026\\\/01\\\/logo-visobath.webp\",\"width\":1200,\"height\":900,\"caption\":\"Visobath\"},\"image\":{\"@id\":\"https:\\\/\\\/visobath.com\\\/fr\\\/#\\\/schema\\\/logo\\\/image\\\/\"},\"sameAs\":[\"https:\\\/\\\/www.facebook.com\\\/MueblesVisobath\\\/\",\"https:\\\/\\\/www.instagram.com\\\/visobath\\\/\",\"https:\\\/\\\/www.youtube.com\\\/channel\\\/UC5z9EZiakQVmel8gWMbPrTQ\\\/videos\",\"https:\\\/\\\/es.linkedin.com\\\/company\\\/visobath-s-l\"]}]}<\/script>\n<!-- \/ Yoast SEO plugin. -->","yoast_head_json":{"title":"Catalogue Promobath | Collections de salle de bain professionnelles","description":"T\u00e9l\u00e9chargez le catalogue Promobath avec des collections de salle de bain con\u00e7ues pour ceux qui recherchent des solutions actuelles et commerciales.","robots":{"index":"index","follow":"follow","max-snippet":"max-snippet:-1","max-image-preview":"max-image-preview:large","max-video-preview":"max-video-preview:-1"},"canonical":"https:\/\/visobath.com\/fr\/catalogues-de-salle-de-bain\/catalogue-promobath\/","og_locale":"fr_FR","og_type":"article","og_title":"Catalogue Promobath | Collections de salle de bain professionnelles","og_description":"T\u00e9l\u00e9chargez le catalogue Promobath avec des collections de salle de bain con\u00e7ues pour ceux qui recherchent des solutions actuelles et commerciales.","og_url":"https:\/\/visobath.com\/fr\/catalogues-de-salle-de-bain\/catalogue-promobath\/","og_site_name":"Visobath","article_publisher":"https:\/\/www.facebook.com\/MueblesVisobath\/","article_modified_time":"2026-03-24T12:23:52+00:00","og_image":[{"width":1000,"height":1000,"url":"https:\/\/visobath.com\/wp-content\/uploads\/2026\/03\/Promobath18.webp","type":"image\/webp"}],"twitter_misc":{"Dur\u00e9e de lecture estim\u00e9e":"1 minute"},"schema":{"@context":"https:\/\/schema.org","@graph":[{"@type":"WebPage","@id":"https:\/\/visobath.com\/fr\/catalogues-de-salle-de-bain\/catalogue-promobath\/","url":"https:\/\/visobath.com\/fr\/catalogues-de-salle-de-bain\/catalogue-promobath\/","name":"Catalogue Promobath | Collections de salle de bain professionnelles","isPartOf":{"@id":"https:\/\/visobath.com\/fr\/#website"},"primaryImageOfPage":{"@id":"https:\/\/visobath.com\/fr\/catalogues-de-salle-de-bain\/catalogue-promobath\/#primaryimage"},"image":{"@id":"https:\/\/visobath.com\/fr\/catalogues-de-salle-de-bain\/catalogue-promobath\/#primaryimage"},"thumbnailUrl":"https:\/\/visobath.com\/wp-content\/uploads\/2026\/03\/Promobath18.webp","datePublished":"2025-12-03T18:18:51+00:00","dateModified":"2026-03-24T12:23:52+00:00","description":"T\u00e9l\u00e9chargez le catalogue Promobath avec des collections de salle de bain con\u00e7ues pour ceux qui recherchent des solutions actuelles et commerciales.","breadcrumb":{"@id":"https:\/\/visobath.com\/fr\/catalogues-de-salle-de-bain\/catalogue-promobath\/#breadcrumb"},"inLanguage":"fr-FR","potentialAction":[{"@type":"ReadAction","target":["https:\/\/visobath.com\/fr\/catalogues-de-salle-de-bain\/catalogue-promobath\/"]}]},{"@type":"ImageObject","inLanguage":"fr-FR","@id":"https:\/\/visobath.com\/fr\/catalogues-de-salle-de-bain\/catalogue-promobath\/#primaryimage","url":"https:\/\/visobath.com\/wp-content\/uploads\/2026\/03\/Promobath18.webp","contentUrl":"https:\/\/visobath.com\/wp-content\/uploads\/2026\/03\/Promobath18.webp","width":1000,"height":1000},{"@type":"BreadcrumbList","@id":"https:\/\/visobath.com\/fr\/catalogues-de-salle-de-bain\/catalogue-promobath\/#breadcrumb","itemListElement":[{"@type":"ListItem","position":1,"name":"Portada","item":"https:\/\/visobath.com\/fr\/"},{"@type":"ListItem","position":2,"name":"Catalogues de salle de bain","item":"https:\/\/visobath.com\/fr\/catalogues-de-salle-de-bain\/"},{"@type":"ListItem","position":3,"name":"Catalogue Promobain"}]},{"@type":"WebSite","@id":"https:\/\/visobath.com\/fr\/#website","url":"https:\/\/visobath.com\/fr\/","name":"VISO","description":"Fabricantes de Muebles de Ba\u00f1o","publisher":{"@id":"https:\/\/visobath.com\/fr\/#organization"},"alternateName":"Visobath","potentialAction":[{"@type":"SearchAction","target":{"@type":"EntryPoint","urlTemplate":"https:\/\/visobath.com\/fr\/?s={search_term_string}"},"query-input":{"@type":"PropertyValueSpecification","valueRequired":true,"valueName":"search_term_string"}}],"inLanguage":"fr-FR"},{"@type":"Organization","@id":"https:\/\/visobath.com\/fr\/#organization","name":"Visobath","alternateName":"VISO","url":"https:\/\/visobath.com\/fr\/","logo":{"@type":"ImageObject","inLanguage":"fr-FR","@id":"https:\/\/visobath.com\/fr\/#\/schema\/logo\/image\/","url":"https:\/\/visobath.com\/wp-content\/uploads\/2026\/01\/logo-visobath.webp","contentUrl":"https:\/\/visobath.com\/wp-content\/uploads\/2026\/01\/logo-visobath.webp","width":1200,"height":900,"caption":"Visobath"},"image":{"@id":"https:\/\/visobath.com\/fr\/#\/schema\/logo\/image\/"},"sameAs":["https:\/\/www.facebook.com\/MueblesVisobath\/","https:\/\/www.instagram.com\/visobath\/","https:\/\/www.youtube.com\/channel\/UC5z9EZiakQVmel8gWMbPrTQ\/videos","https:\/\/es.linkedin.com\/company\/visobath-s-l"]}]}},"_links":{"self":[{"href":"https:\/\/visobath.com\/fr\/wp-json\/wp\/v2\/pages\/2157","targetHints":{"allow":["GET"]}}],"collection":[{"href":"https:\/\/visobath.com\/fr\/wp-json\/wp\/v2\/pages"}],"about":[{"href":"https:\/\/visobath.com\/fr\/wp-json\/wp\/v2\/types\/page"}],"author":[{"embeddable":true,"href":"https:\/\/visobath.com\/fr\/wp-json\/wp\/v2\/users\/1"}],"replies":[{"embeddable":true,"href":"https:\/\/visobath.com\/fr\/wp-json\/wp\/v2\/comments?post=2157"}],"version-history":[{"count":3,"href":"https:\/\/visobath.com\/fr\/wp-json\/wp\/v2\/pages\/2157\/revisions"}],"predecessor-version":[{"id":8272,"href":"https:\/\/visobath.com\/fr\/wp-json\/wp\/v2\/pages\/2157\/revisions\/8272"}],"up":[{"embeddable":true,"href":"https:\/\/visobath.com\/fr\/wp-json\/wp\/v2\/pages\/2180"}],"wp:featuredmedia":[{"embeddable":true,"href":"https:\/\/visobath.com\/fr\/wp-json\/wp\/v2\/media\/7977"}],"wp:attachment":[{"href":"https:\/\/visobath.com\/fr\/wp-json\/wp\/v2\/media?parent=2157"}],"curies":[{"name":"wp","href":"https:\/\/api.w.org\/{rel}","templated":true}]}}