{"id":2144,"date":"2026-01-09T17:44:04","date_gmt":"2026-01-09T16:44:04","guid":{"rendered":"https:\/\/new.visobath.com\/acceder-au-showroom\/"},"modified":"2026-01-09T17:44:04","modified_gmt":"2026-01-09T16:44:04","slug":"acceder-au-showroom","status":"publish","type":"page","link":"https:\/\/visobath.com\/fr\/acceder-au-showroom\/","title":{"rendered":"Acc\u00e9der au showroom"},"content":{"rendered":"<p>Acc\u00e9dez \u00e0 notre showroom virtuel et parcourez en ligne, dans une exp\u00e9rience \u00e0 360\u00b0, nos collections de salle de bain. D\u00e9couvrez des ambiances r\u00e9elles, des d\u00e9tails et des finitions comme si vous y \u00e9tiez. Nous vous enverrons gratuitement par e-mail le lien d\u2019acc\u00e8s.<\/p>\n","protected":false},"excerpt":{"rendered":"<p>Acc\u00e9dez \u00e0 notre showroom virtuel et parcourez en ligne, dans une exp\u00e9rience \u00e0 360\u00b0, nos collections de salle de bain. D\u00e9couvrez des ambiances r\u00e9elles, des d\u00e9tails et des finitions comme si vous y \u00e9tiez. Nous vous enverrons gratuitement par e-mail le lien d\u2019acc\u00e8s.<\/p>\n","protected":false},"author":1,"featured_media":9064,"parent":0,"menu_order":0,"comment_status":"closed","ping_status":"closed","template":"acceder-showroom.php","meta":{"_acf_changed":false,"footnotes":""},"class_list":["post-2144","page","type-page","status-publish","has-post-thumbnail","hentry"],"acf":[],"yoast_head":"<!-- This site is optimized with the Yoast SEO plugin v27.4 - https:\/\/yoast.com\/product\/yoast-seo-wordpress\/ -->\n<title>Acc\u00e9der au showroom - Visobath<\/title>\n<meta name=\"robots\" content=\"noindex, nofollow\" \/>\n<meta property=\"og:locale\" content=\"fr_FR\" \/>\n<meta property=\"og:type\" content=\"article\" \/>\n<meta property=\"og:title\" content=\"Acc\u00e9der au showroom - Visobath\" \/>\n<meta property=\"og:description\" content=\"Acc\u00e9dez \u00e0 notre showroom virtuel et parcourez en ligne, dans une exp\u00e9rience \u00e0 360\u00b0, nos collections de salle de bain. D\u00e9couvrez des ambiances r\u00e9elles, des d\u00e9tails et des finitions comme si vous y \u00e9tiez. Nous vous enverrons gratuitement par e-mail le lien d\u2019acc\u00e8s.\" \/>\n<meta property=\"og:url\" content=\"https:\/\/visobath.com\/fr\/acceder-au-showroom\/\" \/>\n<meta property=\"og:site_name\" content=\"Visobath\" \/>\n<meta property=\"article:publisher\" content=\"https:\/\/www.facebook.com\/MueblesVisobath\/\" \/>\n<meta property=\"og:image\" content=\"https:\/\/visobath.com\/wp-content\/uploads\/2025\/11\/hero-visobath.webp\" \/>\n\t<meta property=\"og:image:width\" content=\"1408\" \/>\n\t<meta property=\"og:image:height\" content=\"704\" \/>\n\t<meta property=\"og:image:type\" content=\"image\/webp\" \/>\n<script type=\"application\/ld+json\" class=\"yoast-schema-graph\">{\"@context\":\"https:\\\/\\\/schema.org\",\"@graph\":[{\"@type\":\"WebPage\",\"@id\":\"https:\\\/\\\/visobath.com\\\/fr\\\/acceder-au-showroom\\\/\",\"url\":\"https:\\\/\\\/visobath.com\\\/fr\\\/acceder-au-showroom\\\/\",\"name\":\"Acc\u00e9der au showroom - Visobath\",\"isPartOf\":{\"@id\":\"https:\\\/\\\/visobath.com\\\/fr\\\/#website\"},\"primaryImageOfPage\":{\"@id\":\"https:\\\/\\\/visobath.com\\\/fr\\\/acceder-au-showroom\\\/#primaryimage\"},\"image\":{\"@id\":\"https:\\\/\\\/visobath.com\\\/fr\\\/acceder-au-showroom\\\/#primaryimage\"},\"thumbnailUrl\":\"https:\\\/\\\/visobath.com\\\/wp-content\\\/uploads\\\/2026\\\/04\\\/showroom-360-viso-scaled.webp\",\"datePublished\":\"2026-01-09T16:44:04+00:00\",\"breadcrumb\":{\"@id\":\"https:\\\/\\\/visobath.com\\\/fr\\\/acceder-au-showroom\\\/#breadcrumb\"},\"inLanguage\":\"fr-FR\",\"potentialAction\":[{\"@type\":\"ReadAction\",\"target\":[\"https:\\\/\\\/visobath.com\\\/fr\\\/acceder-au-showroom\\\/\"]}]},{\"@type\":\"ImageObject\",\"inLanguage\":\"fr-FR\",\"@id\":\"https:\\\/\\\/visobath.com\\\/fr\\\/acceder-au-showroom\\\/#primaryimage\",\"url\":\"https:\\\/\\\/visobath.com\\\/wp-content\\\/uploads\\\/2026\\\/04\\\/showroom-360-viso-scaled.webp\",\"contentUrl\":\"https:\\\/\\\/visobath.com\\\/wp-content\\\/uploads\\\/2026\\\/04\\\/showroom-360-viso-scaled.webp\",\"width\":2560,\"height\":1887},{\"@type\":\"BreadcrumbList\",\"@id\":\"https:\\\/\\\/visobath.com\\\/fr\\\/acceder-au-showroom\\\/#breadcrumb\",\"itemListElement\":[{\"@type\":\"ListItem\",\"position\":1,\"name\":\"Portada\",\"item\":\"https:\\\/\\\/visobath.com\\\/fr\\\/\"},{\"@type\":\"ListItem\",\"position\":2,\"name\":\"Acc\u00e9der au showroom\"}]},{\"@type\":\"WebSite\",\"@id\":\"https:\\\/\\\/visobath.com\\\/fr\\\/#website\",\"url\":\"https:\\\/\\\/visobath.com\\\/fr\\\/\",\"name\":\"VISO\",\"description\":\"Fabricantes de Muebles de Ba\u00f1o\",\"publisher\":{\"@id\":\"https:\\\/\\\/visobath.com\\\/fr\\\/#organization\"},\"alternateName\":\"Visobath\",\"potentialAction\":[{\"@type\":\"SearchAction\",\"target\":{\"@type\":\"EntryPoint\",\"urlTemplate\":\"https:\\\/\\\/visobath.com\\\/fr\\\/?s={search_term_string}\"},\"query-input\":{\"@type\":\"PropertyValueSpecification\",\"valueRequired\":true,\"valueName\":\"search_term_string\"}}],\"inLanguage\":\"fr-FR\"},{\"@type\":\"Organization\",\"@id\":\"https:\\\/\\\/visobath.com\\\/fr\\\/#organization\",\"name\":\"Visobath\",\"alternateName\":\"VISO\",\"url\":\"https:\\\/\\\/visobath.com\\\/fr\\\/\",\"logo\":{\"@type\":\"ImageObject\",\"inLanguage\":\"fr-FR\",\"@id\":\"https:\\\/\\\/visobath.com\\\/fr\\\/#\\\/schema\\\/logo\\\/image\\\/\",\"url\":\"https:\\\/\\\/visobath.com\\\/wp-content\\\/uploads\\\/2026\\\/01\\\/logo-visobath.webp\",\"contentUrl\":\"https:\\\/\\\/visobath.com\\\/wp-content\\\/uploads\\\/2026\\\/01\\\/logo-visobath.webp\",\"width\":1200,\"height\":900,\"caption\":\"Visobath\"},\"image\":{\"@id\":\"https:\\\/\\\/visobath.com\\\/fr\\\/#\\\/schema\\\/logo\\\/image\\\/\"},\"sameAs\":[\"https:\\\/\\\/www.facebook.com\\\/MueblesVisobath\\\/\",\"https:\\\/\\\/www.instagram.com\\\/visobath\\\/\",\"https:\\\/\\\/www.youtube.com\\\/channel\\\/UC5z9EZiakQVmel8gWMbPrTQ\\\/videos\",\"https:\\\/\\\/es.linkedin.com\\\/company\\\/visobath-s-l\"]}]}<\/script>\n<!-- \/ Yoast SEO plugin. -->","yoast_head_json":{"title":"Acc\u00e9der au showroom - Visobath","robots":{"index":"noindex","follow":"nofollow"},"og_locale":"fr_FR","og_type":"article","og_title":"Acc\u00e9der au showroom - Visobath","og_description":"Acc\u00e9dez \u00e0 notre showroom virtuel et parcourez en ligne, dans une exp\u00e9rience \u00e0 360\u00b0, nos collections de salle de bain. D\u00e9couvrez des ambiances r\u00e9elles, des d\u00e9tails et des finitions comme si vous y \u00e9tiez. Nous vous enverrons gratuitement par e-mail le lien d\u2019acc\u00e8s.","og_url":"https:\/\/visobath.com\/fr\/acceder-au-showroom\/","og_site_name":"Visobath","article_publisher":"https:\/\/www.facebook.com\/MueblesVisobath\/","og_image":[{"width":1408,"height":704,"url":"https:\/\/visobath.com\/wp-content\/uploads\/2025\/11\/hero-visobath.webp","type":"image\/webp"}],"schema":{"@context":"https:\/\/schema.org","@graph":[{"@type":"WebPage","@id":"https:\/\/visobath.com\/fr\/acceder-au-showroom\/","url":"https:\/\/visobath.com\/fr\/acceder-au-showroom\/","name":"Acc\u00e9der au showroom - Visobath","isPartOf":{"@id":"https:\/\/visobath.com\/fr\/#website"},"primaryImageOfPage":{"@id":"https:\/\/visobath.com\/fr\/acceder-au-showroom\/#primaryimage"},"image":{"@id":"https:\/\/visobath.com\/fr\/acceder-au-showroom\/#primaryimage"},"thumbnailUrl":"https:\/\/visobath.com\/wp-content\/uploads\/2026\/04\/showroom-360-viso-scaled.webp","datePublished":"2026-01-09T16:44:04+00:00","breadcrumb":{"@id":"https:\/\/visobath.com\/fr\/acceder-au-showroom\/#breadcrumb"},"inLanguage":"fr-FR","potentialAction":[{"@type":"ReadAction","target":["https:\/\/visobath.com\/fr\/acceder-au-showroom\/"]}]},{"@type":"ImageObject","inLanguage":"fr-FR","@id":"https:\/\/visobath.com\/fr\/acceder-au-showroom\/#primaryimage","url":"https:\/\/visobath.com\/wp-content\/uploads\/2026\/04\/showroom-360-viso-scaled.webp","contentUrl":"https:\/\/visobath.com\/wp-content\/uploads\/2026\/04\/showroom-360-viso-scaled.webp","width":2560,"height":1887},{"@type":"BreadcrumbList","@id":"https:\/\/visobath.com\/fr\/acceder-au-showroom\/#breadcrumb","itemListElement":[{"@type":"ListItem","position":1,"name":"Portada","item":"https:\/\/visobath.com\/fr\/"},{"@type":"ListItem","position":2,"name":"Acc\u00e9der au showroom"}]},{"@type":"WebSite","@id":"https:\/\/visobath.com\/fr\/#website","url":"https:\/\/visobath.com\/fr\/","name":"VISO","description":"Fabricantes de Muebles de Ba\u00f1o","publisher":{"@id":"https:\/\/visobath.com\/fr\/#organization"},"alternateName":"Visobath","potentialAction":[{"@type":"SearchAction","target":{"@type":"EntryPoint","urlTemplate":"https:\/\/visobath.com\/fr\/?s={search_term_string}"},"query-input":{"@type":"PropertyValueSpecification","valueRequired":true,"valueName":"search_term_string"}}],"inLanguage":"fr-FR"},{"@type":"Organization","@id":"https:\/\/visobath.com\/fr\/#organization","name":"Visobath","alternateName":"VISO","url":"https:\/\/visobath.com\/fr\/","logo":{"@type":"ImageObject","inLanguage":"fr-FR","@id":"https:\/\/visobath.com\/fr\/#\/schema\/logo\/image\/","url":"https:\/\/visobath.com\/wp-content\/uploads\/2026\/01\/logo-visobath.webp","contentUrl":"https:\/\/visobath.com\/wp-content\/uploads\/2026\/01\/logo-visobath.webp","width":1200,"height":900,"caption":"Visobath"},"image":{"@id":"https:\/\/visobath.com\/fr\/#\/schema\/logo\/image\/"},"sameAs":["https:\/\/www.facebook.com\/MueblesVisobath\/","https:\/\/www.instagram.com\/visobath\/","https:\/\/www.youtube.com\/channel\/UC5z9EZiakQVmel8gWMbPrTQ\/videos","https:\/\/es.linkedin.com\/company\/visobath-s-l"]}]}},"_links":{"self":[{"href":"https:\/\/visobath.com\/fr\/wp-json\/wp\/v2\/pages\/2144","targetHints":{"allow":["GET"]}}],"collection":[{"href":"https:\/\/visobath.com\/fr\/wp-json\/wp\/v2\/pages"}],"about":[{"href":"https:\/\/visobath.com\/fr\/wp-json\/wp\/v2\/types\/page"}],"author":[{"embeddable":true,"href":"https:\/\/visobath.com\/fr\/wp-json\/wp\/v2\/users\/1"}],"replies":[{"embeddable":true,"href":"https:\/\/visobath.com\/fr\/wp-json\/wp\/v2\/comments?post=2144"}],"version-history":[{"count":0,"href":"https:\/\/visobath.com\/fr\/wp-json\/wp\/v2\/pages\/2144\/revisions"}],"wp:featuredmedia":[{"embeddable":true,"href":"https:\/\/visobath.com\/fr\/wp-json\/wp\/v2\/media\/9064"}],"wp:attachment":[{"href":"https:\/\/visobath.com\/fr\/wp-json\/wp\/v2\/media?parent=2144"}],"curies":[{"name":"wp","href":"https:\/\/api.w.org\/{rel}","templated":true}]}}